{"id":100,"date":"2023-09-21T10:22:13","date_gmt":"2023-09-21T08:22:13","guid":{"rendered":"http:\/\/193.144.52.105:8099\/?page_id=100"},"modified":"2025-01-28T13:10:06","modified_gmt":"2025-01-28T12:10:06","slug":"laboratorio-de-analisis-de-marcha-animal","status":"publish","type":"page","link":"https:\/\/mfes.es\/en\/servicios\/laboratorio-de-analisis-de-marcha-animal\/","title":{"rendered":"Animal gait analysis laboratory"},"content":{"rendered":"<div class=\"wp-block-group alignwide is-layout-flow wp-block-group-is-layout-flow\">\n<p>The human gait analysis laboratory also allows the analysis of animal movement. For example, a gait analysis was carried out on a dog that had the hoof amputated on its right hind leg, with the aim of having all the kinematic and dynamic data available to design and build a prosthesis that would replace the lost part of the limb.<\/p>\n<\/div>\n\n\n\n<figure class=\"wp-block-embed is-type-video is-provider-youtube wp-block-embed-youtube wp-embed-aspect-16-9 wp-has-aspect-ratio\"><div class=\"wp-block-embed__wrapper\">\n<iframe title=\"Design of a 3D printed Canine Prosthesis for Walking Using Motion Capture and Numerical Simulation\" width=\"500\" height=\"281\" src=\"https:\/\/www.youtube.com\/embed\/Cwr3SWGP5jA?feature=oembed\" frameborder=\"0\" allow=\"accelerometer; autoplay; clipboard-write; encrypted-media; gyroscope; picture-in-picture; web-share\" referrerpolicy=\"strict-origin-when-cross-origin\" allowfullscreen><\/iframe>\n<\/div><\/figure>\n\n\n\n<div class=\"wp-block-group alignwide is-layout-flow wp-block-group-is-layout-flow\">\n<div class=\"wp-block-group alignwide is-layout-flow wp-block-group-is-layout-flow\" style=\"margin-top:0;margin-bottom:0;padding-top:var(--wp--preset--spacing--50);padding-right:var(--wp--preset--spacing--50);padding-bottom:var(--wp--preset--spacing--50);padding-left:var(--wp--preset--spacing--50)\">\n<div class=\"wp-block-group alignfull is-layout-flow wp-container-core-group-is-layout-a77db08e wp-block-group-is-layout-flow\">\n<div class=\"wp-block-columns alignwide is-layout-flex wp-container-core-columns-is-layout-d1c656ed wp-block-columns-is-layout-flex\">\n<div class=\"wp-block-column is-vertically-aligned-center is-layout-flow wp-block-column-is-layout-flow\" style=\"flex-basis:60%\">\n<h3 class=\"wp-block-heading is-style-default\">Dog gait analysis<\/h3>\n\n\n\n<ul style=\"line-height:1.75\" class=\"wp-block-list is-style-checkmark-list\">\n<li>Kinematic: angles, speeds, gait pattern, etc.<\/li>\n\n\n\n<li>Dynamic: joint torques, external reactions, etc.<\/li>\n<\/ul>\n<\/div>\n\n\n\n<div class=\"wp-block-column is-layout-flow wp-block-column-is-layout-flow\" style=\"flex-basis:50%\">\n<figure class=\"wp-block-image aligncenter size-full is-resized is-style-rounded is-style-rounded--1\"><img fetchpriority=\"high\" decoding=\"async\" width=\"1000\" height=\"1000\" src=\"https:\/\/mfes.es\/wp-content\/uploads\/2023\/11\/Lab3-1.jpg\" alt=\"\" class=\"wp-image-684\" style=\"width:350px\" srcset=\"https:\/\/mfes.es\/wp-content\/uploads\/2023\/11\/Lab3-1.jpg 1000w, https:\/\/mfes.es\/wp-content\/uploads\/2023\/11\/Lab3-1-300x300.jpg 300w, https:\/\/mfes.es\/wp-content\/uploads\/2023\/11\/Lab3-1-150x150.jpg 150w, https:\/\/mfes.es\/wp-content\/uploads\/2023\/11\/Lab3-1-768x768.jpg 768w\" sizes=\"(max-width: 1000px) 100vw, 1000px\" \/><figcaption class=\"wp-element-caption\">Dog gait analysis<\/figcaption><\/figure>\n<\/div>\n<\/div>\n\n\n\n<div style=\"height:var(--wp--preset--spacing--40)\" aria-hidden=\"true\" class=\"wp-block-spacer\"><\/div>\n\n\n\n<div class=\"wp-block-columns alignwide is-layout-flex wp-container-core-columns-is-layout-d1c656ed wp-block-columns-is-layout-flex\">\n<div class=\"wp-block-column is-layout-flow wp-block-column-is-layout-flow\" style=\"flex-basis:50%\">\n<figure class=\"wp-block-image aligncenter size-full is-resized is-style-rounded is-style-rounded--2\"><img decoding=\"async\" width=\"1000\" height=\"1000\" src=\"https:\/\/mfes.es\/wp-content\/uploads\/2023\/11\/Lab10.jpg\" alt=\"\" class=\"wp-image-683\" style=\"width:350px\" srcset=\"https:\/\/mfes.es\/wp-content\/uploads\/2023\/11\/Lab10.jpg 1000w, https:\/\/mfes.es\/wp-content\/uploads\/2023\/11\/Lab10-300x300.jpg 300w, https:\/\/mfes.es\/wp-content\/uploads\/2023\/11\/Lab10-150x150.jpg 150w, https:\/\/mfes.es\/wp-content\/uploads\/2023\/11\/Lab10-768x768.jpg 768w\" sizes=\"(max-width: 1000px) 100vw, 1000px\" \/><figcaption class=\"wp-element-caption\">Prosthetic design with 3D printing based on motion capture and analysis<\/figcaption><\/figure>\n<\/div>\n\n\n\n<div class=\"wp-block-column is-vertically-aligned-center is-layout-flow wp-block-column-is-layout-flow\" style=\"flex-basis:60%\">\n<h3 class=\"wp-block-heading is-style-default\">Prosthesis design with 3D printing<\/h3>\n\n\n\n<ul style=\"line-height:1.75\" class=\"wp-block-list is-style-checkmark-list\">\n<li>Custom prosthesis<\/li>\n\n\n\n<li>Design based on motion capture and analysis<\/li>\n\n\n\n<li>Evaluation of the effects of the prosthesis <\/li>\n<\/ul>\n<\/div>\n<\/div>\n\n\n\n<div class=\"wp-block-columns alignwide is-layout-flex wp-container-core-columns-is-layout-d1c656ed wp-block-columns-is-layout-flex\">\n<div class=\"wp-block-column is-layout-flow wp-block-column-is-layout-flow\" style=\"flex-basis:50%\"><\/div>\n<\/div>\n<\/div>\n\n\n\n<div style=\"height:104px\" aria-hidden=\"true\" class=\"wp-block-spacer\"><\/div>\n\n\n\n<div class=\"wp-block-buttons alignfull is-content-justification-center is-layout-flex wp-container-core-buttons-is-layout-a89b3969 wp-block-buttons-is-layout-flex\">\n<div class=\"wp-block-button is-style-outline is-style-outline--3\"><a class=\"wp-block-button__link wp-element-button\" href=\"https:\/\/mfes.es\/en\/servicios-2\/\">Back to Services<\/a><\/div>\n<\/div>\n<\/div>\n<\/div>","protected":false},"excerpt":{"rendered":"<p>El laboratorio de an\u00e1lisis de marcha humana permite tambi\u00e9n el an\u00e1lisis del movimiento de animales. Por ejemplo, se realiz\u00f3 el an\u00e1lisis de marcha de un perro que sufr\u00eda la amputaci\u00f3n de la pezu\u00f1a de la pata trasera derecha, con el objetivo de disponer de todos los datos cinem\u00e1ticos y din\u00e1micos para dise\u00f1ar y construir una [&hellip;]<\/p>","protected":false},"author":2,"featured_media":0,"parent":2,"menu_order":0,"comment_status":"closed","ping_status":"closed","template":"","meta":{"footnotes":""},"class_list":["post-100","page","type-page","status-publish","hentry"],"_links":{"self":[{"href":"https:\/\/mfes.es\/en\/wp-json\/wp\/v2\/pages\/100","targetHints":{"allow":["GET"]}}],"collection":[{"href":"https:\/\/mfes.es\/en\/wp-json\/wp\/v2\/pages"}],"about":[{"href":"https:\/\/mfes.es\/en\/wp-json\/wp\/v2\/types\/page"}],"author":[{"embeddable":true,"href":"https:\/\/mfes.es\/en\/wp-json\/wp\/v2\/users\/2"}],"replies":[{"embeddable":true,"href":"https:\/\/mfes.es\/en\/wp-json\/wp\/v2\/comments?post=100"}],"version-history":[{"count":18,"href":"https:\/\/mfes.es\/en\/wp-json\/wp\/v2\/pages\/100\/revisions"}],"predecessor-version":[{"id":1331,"href":"https:\/\/mfes.es\/en\/wp-json\/wp\/v2\/pages\/100\/revisions\/1331"}],"up":[{"embeddable":true,"href":"https:\/\/mfes.es\/en\/wp-json\/wp\/v2\/pages\/2"}],"wp:attachment":[{"href":"https:\/\/mfes.es\/en\/wp-json\/wp\/v2\/media?parent=100"}],"curies":[{"name":"wp","href":"https:\/\/api.w.org\/{rel}","templated":true}]}}