{"id":175,"date":"2023-09-28T12:49:35","date_gmt":"2023-09-28T10:49:35","guid":{"rendered":"http:\/\/193.144.52.105:8099\/?page_id=175"},"modified":"2024-07-17T17:57:50","modified_gmt":"2024-07-17T15:57:50","slug":"sistema-de-medida-de-la-columna","status":"publish","type":"page","link":"https:\/\/mfes.es\/en\/productos\/sistema-de-medida-de-la-columna\/","title":{"rendered":"SpineMeasure"},"content":{"rendered":"<div class=\"wp-block-group alignwide has-global-padding is-layout-constrained wp-block-group-is-layout-constrained\">\n<div class=\"wp-block-group alignfull is-layout-flow wp-block-group-is-layout-flow\">\n<p>The system for estimating the posture and movement of the spine, SpineMeasure, is patented, and consists of a set of inertial sensors that are placed at different points in the thoracic and lumbar regions of the spine, and a personalized computational mechanical model of these regions of the spine. The orientation measurements of the sensors are collected by the software that implements the model, and which provides the estimation of the orientation of the vertebrae in real time according to the format preferred by the user (see reference [18] in the Publications section). In the image, you can see the sensors placed along the subject's spine, as well as the box that is connected by a cable to each sensor, and which contains the components necessary for its operation.<\/p>\n<\/div>\n<\/div>\n\n\n\n<div class=\"wp-block-group alignwide has-global-padding is-layout-constrained wp-block-group-is-layout-constrained\">\n<div class=\"wp-block-group alignfull has-global-padding is-layout-constrained wp-container-core-group-is-layout-9be1ad25 wp-block-group-is-layout-constrained\" style=\"margin-top:0;margin-bottom:0;padding-top:var(--wp--preset--spacing--50);padding-right:var(--wp--preset--spacing--50);padding-bottom:var(--wp--preset--spacing--50);padding-left:var(--wp--preset--spacing--50)\">\n<figure class=\"wp-block-embed aligncenter is-type-video is-provider-youtube wp-block-embed-youtube wp-embed-aspect-16-9 wp-has-aspect-ratio\" style=\"margin-right:0;margin-left:0\"><div class=\"wp-block-embed__wrapper\">\n<iframe title=\"3D human spine posture from wearable inertial sensors and a multibody model of the spine\" width=\"500\" height=\"281\" src=\"https:\/\/www.youtube.com\/embed\/M06wxgOxlZs?feature=oembed\" frameborder=\"0\" allow=\"accelerometer; autoplay; clipboard-write; encrypted-media; gyroscope; picture-in-picture; web-share\" referrerpolicy=\"strict-origin-when-cross-origin\" allowfullscreen><\/iframe>\n<\/div><figcaption class=\"wp-element-caption\">Determination of the 3D human spine posture from wearable inertial sensors and a multibody model of the spine<\/figcaption><\/figure>\n\n\n\n<div style=\"height:48px\" aria-hidden=\"true\" class=\"wp-block-spacer\"><\/div>\n\n\n\n<div class=\"wp-block-group alignwide has-global-padding is-layout-constrained wp-container-core-group-is-layout-19e250f3 wp-block-group-is-layout-constrained\">\n<div class=\"wp-block-columns alignwide is-layout-flex wp-container-core-columns-is-layout-d1c656ed wp-block-columns-is-layout-flex\">\n<div class=\"wp-block-column is-vertically-aligned-center is-layout-flow wp-block-column-is-layout-flow\" style=\"flex-basis:40%\">\n<h3 class=\"wp-block-heading is-style-default\">System to estimate the posture and movement of the spine<\/h3>\n\n\n\n<ul style=\"line-height:1.75\" class=\"wp-block-list is-style-checkmark-list\">\n<li>Non-invasive<\/li>\n\n\n\n<li>Low cost<\/li>\n\n\n\n<li>Easy to use<\/li>\n\n\n\n<li>Real-time display of model and measurements (Cobb angle, etc.)<\/li>\n<\/ul>\n<\/div>\n\n\n\n<div class=\"wp-block-column is-layout-flow wp-block-column-is-layout-flow\" style=\"flex-basis:50%\">\n<figure class=\"wp-block-image aligncenter size-full is-resized is-style-rounded is-style-rounded--1\"><img fetchpriority=\"high\" decoding=\"async\" width=\"668\" height=\"668\" src=\"https:\/\/mfes.es\/wp-content\/uploads\/2023\/11\/Columna1.jpg\" alt=\"\" class=\"wp-image-586\" style=\"width:352px\" srcset=\"https:\/\/mfes.es\/wp-content\/uploads\/2023\/11\/Columna1.jpg 668w, https:\/\/mfes.es\/wp-content\/uploads\/2023\/11\/Columna1-300x300.jpg 300w, https:\/\/mfes.es\/wp-content\/uploads\/2023\/11\/Columna1-150x150.jpg 150w\" sizes=\"(max-width: 668px) 100vw, 668px\" \/><figcaption class=\"wp-element-caption\">System to estimate the posture and movement of the spine<\/figcaption><\/figure>\n<\/div>\n<\/div>\n\n\n\n<div style=\"height:var(--wp--preset--spacing--40)\" aria-hidden=\"true\" class=\"wp-block-spacer\"><\/div>\n\n\n\n<div class=\"wp-block-columns alignwide is-layout-flex wp-container-core-columns-is-layout-d1c656ed wp-block-columns-is-layout-flex\">\n<div class=\"wp-block-column is-layout-flow wp-block-column-is-layout-flow\" style=\"flex-basis:50%\">\n<figure class=\"wp-block-image aligncenter size-full is-resized is-style-rounded is-style-rounded--2\"><img decoding=\"async\" width=\"1125\" height=\"1125\" src=\"https:\/\/mfes.es\/wp-content\/uploads\/2024\/02\/Columna4b.jpg\" alt=\"\" class=\"wp-image-590\" style=\"width:350px\" srcset=\"https:\/\/mfes.es\/wp-content\/uploads\/2024\/02\/Columna4b.jpg 1125w, https:\/\/mfes.es\/wp-content\/uploads\/2024\/02\/Columna4b-300x300.jpg 300w, https:\/\/mfes.es\/wp-content\/uploads\/2024\/02\/Columna4b-1024x1024.jpg 1024w, https:\/\/mfes.es\/wp-content\/uploads\/2024\/02\/Columna4b-150x150.jpg 150w, https:\/\/mfes.es\/wp-content\/uploads\/2024\/02\/Columna4b-768x768.jpg 768w, https:\/\/mfes.es\/wp-content\/uploads\/2024\/02\/Columna4b-12x12.jpg 12w\" sizes=\"(max-width: 1125px) 100vw, 1125px\" \/><figcaption class=\"wp-element-caption\">Patented system to estimate the posture of the spine<\/figcaption><\/figure>\n<\/div>\n\n\n\n<div class=\"wp-block-column is-vertically-aligned-center is-layout-flow wp-block-column-is-layout-flow\" style=\"flex-basis:40%\">\n<h3 class=\"wp-block-heading is-style-default\">Patented system<\/h3>\n\n\n\n<ul style=\"line-height:1.75\" class=\"wp-block-list is-style-checkmark-list\">\n<li>Patent granted <\/li>\n\n\n\n<li>Exclusive product<\/li>\n<\/ul>\n<\/div>\n<\/div>\n\n\n\n<div style=\"height:var(--wp--preset--spacing--40)\" aria-hidden=\"true\" class=\"wp-block-spacer\"><\/div>\n\n\n\n<div class=\"wp-block-columns alignwide is-layout-flex wp-container-core-columns-is-layout-d1c656ed wp-block-columns-is-layout-flex\">\n<div class=\"wp-block-column is-vertically-aligned-center is-layout-flow wp-block-column-is-layout-flow\" style=\"flex-basis:40%\">\n<h3 class=\"wp-block-heading is-style-default\">Clinical trials underway<\/h3>\n\n\n\n<ul style=\"line-height:1.75\" class=\"wp-block-list is-style-checkmark-list\">\n<li>Clinical trial with the Traumatology Service of the Ferrol University Hospital Complex (CHUF)<\/li>\n\n\n\n<li>Clinical trial in a pediatric hospital in the United States<\/li>\n<\/ul>\n<\/div>\n\n\n\n<div class=\"wp-block-column is-layout-flow wp-block-column-is-layout-flow\" style=\"flex-basis:50%\">\n<figure class=\"wp-block-image aligncenter size-full is-resized is-style-rounded is-style-rounded--3\"><img decoding=\"async\" width=\"300\" height=\"300\" src=\"https:\/\/mfes.es\/wp-content\/uploads\/2023\/11\/Columna2.jpg\" alt=\"\" class=\"wp-image-589\" style=\"width:350px\" srcset=\"https:\/\/mfes.es\/wp-content\/uploads\/2023\/11\/Columna2.jpg 300w, https:\/\/mfes.es\/wp-content\/uploads\/2023\/11\/Columna2-150x150.jpg 150w\" sizes=\"(max-width: 300px) 100vw, 300px\" \/><figcaption class=\"wp-element-caption\">Comparison of an x-ray with the estimation using SpineMeasure<\/figcaption><\/figure>\n<\/div>\n<\/div>\n\n\n\n<div style=\"height:var(--wp--preset--spacing--40)\" aria-hidden=\"true\" class=\"wp-block-spacer\"><\/div>\n\n\n\n<div class=\"wp-block-columns alignwide is-layout-flex wp-container-core-columns-is-layout-d1c656ed wp-block-columns-is-layout-flex\">\n<div class=\"wp-block-column is-layout-flow wp-block-column-is-layout-flow\" style=\"flex-basis:50%\">\n<figure class=\"wp-block-image aligncenter size-full is-resized is-style-rounded is-style-rounded--4\"><img loading=\"lazy\" decoding=\"async\" width=\"1125\" height=\"1134\" src=\"https:\/\/mfes.es\/wp-content\/uploads\/2023\/11\/Columna3-1.jpg\" alt=\"\" class=\"wp-image-592\" style=\"width:350px\" srcset=\"https:\/\/mfes.es\/wp-content\/uploads\/2023\/11\/Columna3-1.jpg 1125w, https:\/\/mfes.es\/wp-content\/uploads\/2023\/11\/Columna3-1-298x300.jpg 298w, https:\/\/mfes.es\/wp-content\/uploads\/2023\/11\/Columna3-1-1016x1024.jpg 1016w, https:\/\/mfes.es\/wp-content\/uploads\/2023\/11\/Columna3-1-150x150.jpg 150w, https:\/\/mfes.es\/wp-content\/uploads\/2023\/11\/Columna3-1-768x774.jpg 768w\" sizes=\"(max-width: 1125px) 100vw, 1125px\" \/><figcaption class=\"wp-element-caption\">Non-invasive experimental validation of the system<\/figcaption><\/figure>\n<\/div>\n\n\n\n<div class=\"wp-block-column is-vertically-aligned-center is-layout-flow wp-block-column-is-layout-flow\" style=\"flex-basis:40%\">\n<h3 class=\"wp-block-heading is-style-default\">Scientific publication<\/h3>\n\n\n\n<ul style=\"line-height:1.75\" class=\"wp-block-list is-style-checkmark-list\">\n<li>Article published in scientific journal<\/li>\n\n\n\n<li>7 citas desde 2022<\/li>\n\n\n\n<li><a href=\"https:\/\/doi.org\/10.3390\/s22134796\">https:\/\/doi.o<\/a><a href=\"https:\/\/doi.org\/10.3390\/s22134796\" target=\"_blank\" rel=\"noreferrer noopener\">rg\/10.3390\/s22134796<\/a><\/li>\n<\/ul>\n<\/div>\n<\/div>\n<\/div>\n\n\n\n<div style=\"height:104px\" aria-hidden=\"true\" class=\"wp-block-spacer\"><\/div>\n\n\n\n<div class=\"wp-block-buttons alignfull is-content-justification-center is-layout-flex wp-container-core-buttons-is-layout-a89b3969 wp-block-buttons-is-layout-flex\">\n<div class=\"wp-block-button is-style-outline is-style-outline--5\"><a class=\"wp-block-button__link wp-element-button\" href=\"https:\/\/mfes.es\/en\/productos-2\/\">Back to Products<\/a><\/div>\n<\/div>\n<\/div>\n<\/div>","protected":false},"excerpt":{"rendered":"<p>El sistema para estimar la postura y el movimiento de la columna vertebral, SpineMeasure, est\u00e1 patentado, y consiste en un conjunto de sensores inerciales que se colocan en distintos puntos de las regiones tor\u00e1cica y lumbar de la columna vertebral, y un modelo mec\u00e1nico computacional personalizado de dichas regiones de la columna. Las medidas de [&hellip;]<\/p>","protected":false},"author":2,"featured_media":0,"parent":56,"menu_order":0,"comment_status":"closed","ping_status":"closed","template":"","meta":{"footnotes":""},"class_list":["post-175","page","type-page","status-publish","hentry"],"_links":{"self":[{"href":"https:\/\/mfes.es\/en\/wp-json\/wp\/v2\/pages\/175","targetHints":{"allow":["GET"]}}],"collection":[{"href":"https:\/\/mfes.es\/en\/wp-json\/wp\/v2\/pages"}],"about":[{"href":"https:\/\/mfes.es\/en\/wp-json\/wp\/v2\/types\/page"}],"author":[{"embeddable":true,"href":"https:\/\/mfes.es\/en\/wp-json\/wp\/v2\/users\/2"}],"replies":[{"embeddable":true,"href":"https:\/\/mfes.es\/en\/wp-json\/wp\/v2\/comments?post=175"}],"version-history":[{"count":24,"href":"https:\/\/mfes.es\/en\/wp-json\/wp\/v2\/pages\/175\/revisions"}],"predecessor-version":[{"id":1327,"href":"https:\/\/mfes.es\/en\/wp-json\/wp\/v2\/pages\/175\/revisions\/1327"}],"up":[{"embeddable":true,"href":"https:\/\/mfes.es\/en\/wp-json\/wp\/v2\/pages\/56"}],"wp:attachment":[{"href":"https:\/\/mfes.es\/en\/wp-json\/wp\/v2\/media?parent=175"}],"curies":[{"name":"wp","href":"https:\/\/api.w.org\/{rel}","templated":true}]}}