{"id":177,"date":"2023-09-28T12:50:08","date_gmt":"2023-09-28T10:50:08","guid":{"rendered":"http:\/\/193.144.52.105:8099\/?page_id=177"},"modified":"2023-12-11T12:37:09","modified_gmt":"2023-12-11T11:37:09","slug":"sistema-de-monitorizacion-de-ejercicios","status":"publish","type":"page","link":"https:\/\/mfes.es\/en\/productos\/sistema-de-monitorizacion-de-ejercicios\/","title":{"rendered":"GymMov"},"content":{"rendered":"<div class=\"wp-block-group alignwide is-layout-flow wp-block-group-is-layout-flow\">\n<p>The exercise monitoring system is composed of two inertial sensors, which can be adjusted to separate body segments using elastic bands, and a mobile phone software, which collects the orientation measurements of the sensors and calculates the angle in the joint that connects both segments, allowing the desired range of motion of the joint to be configured during the exercise, and warning the user when it exceeds the established limits (see reference [16] in the Publications section). The system is of great help to perform exercises correctly, whether in the gym, at the workplace, or during a rehabilitation process.<\/p>\n\n\n\n<div class=\"wp-block-group alignfull is-layout-flow wp-block-group-is-layout-flow\" style=\"margin-top:0;margin-bottom:0;padding-top:var(--wp--preset--spacing--50);padding-right:var(--wp--preset--spacing--50);padding-bottom:var(--wp--preset--spacing--50);padding-left:var(--wp--preset--spacing--50)\">\n<div class=\"wp-block-group alignwide has-global-padding is-layout-constrained wp-container-core-group-is-layout-19e250f3 wp-block-group-is-layout-constrained\">\n<div class=\"wp-block-columns alignwide is-layout-flex wp-container-core-columns-is-layout-d1c656ed wp-block-columns-is-layout-flex\">\n<div class=\"wp-block-column is-vertically-aligned-center is-layout-flow wp-block-column-is-layout-flow\" style=\"flex-basis:40%\">\n<h3 class=\"wp-block-heading is-style-default\">Measurement of joint angles in real time<\/h3>\n\n\n\n<ul style=\"line-height:1.75\" class=\"is-style-checkmark-list wp-block-list\">\n<li>Determination of patient flexibility<\/li>\n\n\n\n<li>Rehabilitation<\/li>\n\n\n\n<li>High performance training&nbsp;<\/li>\n\n\n\n<li>Motion analysis<\/li>\n\n\n\n<li>Interactive software training<\/li>\n<\/ul>\n<\/div>\n\n\n\n<div class=\"wp-block-column is-layout-flow wp-block-column-is-layout-flow\" style=\"flex-basis:50%\">\n<figure class=\"wp-block-image aligncenter size-large is-resized is-style-rounded is-style-rounded--1\"><img fetchpriority=\"high\" decoding=\"async\" width=\"794\" height=\"1024\" src=\"https:\/\/mfes.es\/wp-content\/uploads\/2023\/12\/gim4-1-794x1024.png\" alt=\"\" class=\"wp-image-980\" style=\"width:auto;height:350px\" srcset=\"https:\/\/mfes.es\/wp-content\/uploads\/2023\/12\/gim4-1-794x1024.png 794w, https:\/\/mfes.es\/wp-content\/uploads\/2023\/12\/gim4-1-233x300.png 233w, https:\/\/mfes.es\/wp-content\/uploads\/2023\/12\/gim4-1-768x991.png 768w, https:\/\/mfes.es\/wp-content\/uploads\/2023\/12\/gim4-1.png 872w\" sizes=\"(max-width: 794px) 100vw, 794px\" \/><figcaption class=\"wp-element-caption\">Exercise monitoring<\/figcaption><\/figure>\n<\/div>\n<\/div>\n\n\n\n<div style=\"height:var(--wp--preset--spacing--40)\" aria-hidden=\"true\" class=\"wp-block-spacer\"><\/div>\n\n\n\n<div class=\"wp-block-columns alignwide is-layout-flex wp-container-core-columns-is-layout-d1c656ed wp-block-columns-is-layout-flex\">\n<div class=\"wp-block-column is-layout-flow wp-block-column-is-layout-flow\" style=\"flex-basis:50%\">\n<figure class=\"wp-block-image aligncenter size-full is-resized is-style-rounded is-style-rounded--2\"><img decoding=\"async\" width=\"1055\" height=\"891\" src=\"https:\/\/mfes.es\/wp-content\/uploads\/2024\/02\/gim5b.jpg\" alt=\"\" class=\"wp-image-164\" style=\"width:auto;height:350px\" srcset=\"https:\/\/mfes.es\/wp-content\/uploads\/2024\/02\/gim5b.jpg 1055w, https:\/\/mfes.es\/wp-content\/uploads\/2024\/02\/gim5b-300x253.jpg 300w, https:\/\/mfes.es\/wp-content\/uploads\/2024\/02\/gim5b-1024x865.jpg 1024w, https:\/\/mfes.es\/wp-content\/uploads\/2024\/02\/gim5b-768x649.jpg 768w, https:\/\/mfes.es\/wp-content\/uploads\/2024\/02\/gim5b-14x12.jpg 14w\" sizes=\"(max-width: 1055px) 100vw, 1055px\" \/><figcaption class=\"wp-element-caption\">Various configurations possible with only two sensors<\/figcaption><\/figure>\n<\/div>\n\n\n\n<div class=\"wp-block-column is-vertically-aligned-center is-layout-flow wp-block-column-is-layout-flow\" style=\"flex-basis:40%\">\n<h3 class=\"wp-block-heading is-style-default\">Low-cost system with two sensors<\/h3>\n\n\n\n<ul style=\"line-height:1.75\" class=\"is-style-checkmark-list wp-block-list\">\n<li>Easy to use<\/li>\n\n\n\n<li>Numerous applications<\/li>\n<\/ul>\n<\/div>\n<\/div>\n\n\n\n<div style=\"height:var(--wp--preset--spacing--40)\" aria-hidden=\"true\" class=\"wp-block-spacer\"><\/div>\n\n\n\n<div class=\"wp-block-columns alignwide is-layout-flex wp-container-core-columns-is-layout-d1c656ed wp-block-columns-is-layout-flex\">\n<div class=\"wp-block-column is-vertically-aligned-center is-layout-flow wp-block-column-is-layout-flow\" style=\"flex-basis:40%\">\n<h3 class=\"wp-block-heading is-style-default\">Mobile application<\/h3>\n\n\n\n<ul style=\"line-height:1.75\" class=\"is-style-checkmark-list wp-block-list\">\n<li>Definition of the desired range of joint motion<\/li>\n\n\n\n<li>Visualization of measurements<\/li>\n<\/ul>\n<\/div>\n\n\n\n<div class=\"wp-block-column is-layout-flow wp-block-column-is-layout-flow\" style=\"flex-basis:50%\">\n<figure class=\"wp-block-image aligncenter size-full is-resized is-style-rounded is-style-rounded--3\"><img decoding=\"async\" width=\"967\" height=\"863\" src=\"https:\/\/mfes.es\/wp-content\/uploads\/2023\/09\/movil.jpg\" alt=\"\" class=\"wp-image-230\" style=\"width:250px\" srcset=\"https:\/\/mfes.es\/wp-content\/uploads\/2023\/09\/movil.jpg 967w, https:\/\/mfes.es\/wp-content\/uploads\/2023\/09\/movil-300x268.jpg 300w, https:\/\/mfes.es\/wp-content\/uploads\/2023\/09\/movil-768x685.jpg 768w\" sizes=\"(max-width: 967px) 100vw, 967px\" \/><figcaption class=\"wp-element-caption\">Custom mobile application<\/figcaption><\/figure>\n<\/div>\n<\/div>\n\n\n\n<div style=\"height:var(--wp--preset--spacing--40)\" aria-hidden=\"true\" class=\"wp-block-spacer\"><\/div>\n\n\n\n<div class=\"wp-block-columns alignwide is-layout-flex wp-container-core-columns-is-layout-d1c656ed wp-block-columns-is-layout-flex\">\n<div class=\"wp-block-column is-layout-flow wp-block-column-is-layout-flow\" style=\"flex-basis:50%\">\n<figure class=\"wp-block-image aligncenter size-full is-resized is-style-rounded is-style-rounded--4\"><img loading=\"lazy\" decoding=\"async\" width=\"1208\" height=\"867\" src=\"https:\/\/mfes.es\/wp-content\/uploads\/2023\/11\/Gym3.jpg\" alt=\"\" class=\"wp-image-604\" style=\"width:446px;height:auto\" srcset=\"https:\/\/mfes.es\/wp-content\/uploads\/2023\/11\/Gym3.jpg 1208w, https:\/\/mfes.es\/wp-content\/uploads\/2023\/11\/Gym3-300x215.jpg 300w, https:\/\/mfes.es\/wp-content\/uploads\/2023\/11\/Gym3-1024x735.jpg 1024w, https:\/\/mfes.es\/wp-content\/uploads\/2023\/11\/Gym3-768x551.jpg 768w\" sizes=\"(max-width: 1208px) 100vw, 1208px\" \/><figcaption class=\"wp-element-caption\">Injury prevention through biofeedback<\/figcaption><\/figure>\n<\/div>\n\n\n\n<div class=\"wp-block-column is-vertically-aligned-center is-layout-flow wp-block-column-is-layout-flow\" style=\"flex-basis:40%\">\n<h3 class=\"wp-block-heading is-style-default\">Biofeedback with audible warning<\/h3>\n\n\n\n<ul style=\"line-height:1.75\" class=\"is-style-checkmark-list wp-block-list\">\n<li>Risk prevention<\/li>\n\n\n\n<li>Movement learning<\/li>\n\n\n\n<li>High performance training<\/li>\n<\/ul>\n<\/div>\n<\/div>\n\n\n\n<div style=\"height:var(--wp--preset--spacing--40)\" aria-hidden=\"true\" class=\"wp-block-spacer\"><\/div>\n\n\n\n<div class=\"wp-block-columns alignwide is-layout-flex wp-container-core-columns-is-layout-d1c656ed wp-block-columns-is-layout-flex\">\n<div class=\"wp-block-column is-vertically-aligned-center is-layout-flow wp-block-column-is-layout-flow\" style=\"flex-basis:40%\">\n<h3 class=\"wp-block-heading is-style-default\">Scientific publication<\/h3>\n\n\n\n<ul style=\"line-height:1.75\" class=\"is-style-checkmark-list wp-block-list\">\n<li>Article published in scientific journal<\/li>\n\n\n\n<li>7 citations since 2021<\/li>\n\n\n\n<li><a href=\"https:\/\/doi.org\/10.3390\/s21165487\" target=\"_blank\" rel=\"noreferrer noopener\">https:\/\/doi.org\/10.3390\/s21165487<\/a><\/li>\n<\/ul>\n<\/div>\n\n\n\n<div class=\"wp-block-column is-layout-flow wp-block-column-is-layout-flow\" style=\"flex-basis:50%\">\n<figure class=\"wp-block-image aligncenter size-full is-resized is-style-rounded is-style-rounded--5\"><img loading=\"lazy\" decoding=\"async\" width=\"1000\" height=\"1000\" src=\"https:\/\/mfes.es\/wp-content\/uploads\/2023\/12\/Gym1.jpg\" alt=\"\" class=\"wp-image-978\" style=\"width:auto;height:350px\" srcset=\"https:\/\/mfes.es\/wp-content\/uploads\/2023\/12\/Gym1.jpg 1000w, https:\/\/mfes.es\/wp-content\/uploads\/2023\/12\/Gym1-300x300.jpg 300w, https:\/\/mfes.es\/wp-content\/uploads\/2023\/12\/Gym1-150x150.jpg 150w, https:\/\/mfes.es\/wp-content\/uploads\/2023\/12\/Gym1-768x768.jpg 768w\" sizes=\"(max-width: 1000px) 100vw, 1000px\" \/><figcaption class=\"wp-element-caption\">Movement studies conducted in gyms<\/figcaption><\/figure>\n<\/div>\n<\/div>\n<\/div>\n\n\n\n<div style=\"height:104px\" aria-hidden=\"true\" class=\"wp-block-spacer\"><\/div>\n\n\n\n<div class=\"wp-block-buttons alignfull is-content-justification-center is-layout-flex wp-container-core-buttons-is-layout-a89b3969 wp-block-buttons-is-layout-flex\">\n<div class=\"wp-block-button is-style-outline is-style-outline--6\"><a class=\"wp-block-button__link wp-element-button\" href=\"https:\/\/mfes.es\/en\/productos-2\/\">Back to Products<\/a><\/div>\n<\/div>\n<\/div>\n<\/div>","protected":false},"excerpt":{"rendered":"<p>El sistema de monitorizaci\u00f3n de ejercicios est\u00e1 compuesto por dos sensores inerciales, que se pueden ajustar a sendos segmentos corporales mediante bandas el\u00e1sticas, y un software para tel\u00e9fono m\u00f3vil, que recoge las medidas de orientaci\u00f3n de los sensores y calcula el \u00e1ngulo en la articulaci\u00f3n que conecta ambos segmentos, permitiendo configurar el rango de movimiento [&hellip;]<\/p>","protected":false},"author":2,"featured_media":0,"parent":56,"menu_order":0,"comment_status":"closed","ping_status":"closed","template":"","meta":{"footnotes":""},"class_list":["post-177","page","type-page","status-publish","hentry"],"_links":{"self":[{"href":"https:\/\/mfes.es\/en\/wp-json\/wp\/v2\/pages\/177","targetHints":{"allow":["GET"]}}],"collection":[{"href":"https:\/\/mfes.es\/en\/wp-json\/wp\/v2\/pages"}],"about":[{"href":"https:\/\/mfes.es\/en\/wp-json\/wp\/v2\/types\/page"}],"author":[{"embeddable":true,"href":"https:\/\/mfes.es\/en\/wp-json\/wp\/v2\/users\/2"}],"replies":[{"embeddable":true,"href":"https:\/\/mfes.es\/en\/wp-json\/wp\/v2\/comments?post=177"}],"version-history":[{"count":29,"href":"https:\/\/mfes.es\/en\/wp-json\/wp\/v2\/pages\/177\/revisions"}],"predecessor-version":[{"id":981,"href":"https:\/\/mfes.es\/en\/wp-json\/wp\/v2\/pages\/177\/revisions\/981"}],"up":[{"embeddable":true,"href":"https:\/\/mfes.es\/en\/wp-json\/wp\/v2\/pages\/56"}],"wp:attachment":[{"href":"https:\/\/mfes.es\/en\/wp-json\/wp\/v2\/media?parent=177"}],"curies":[{"name":"wp","href":"https:\/\/api.w.org\/{rel}","templated":true}]}}