{"id":184,"date":"2023-09-28T12:59:37","date_gmt":"2023-09-28T10:59:37","guid":{"rendered":"http:\/\/193.144.52.105:8099\/?page_id=184"},"modified":"2025-07-20T17:03:49","modified_gmt":"2025-07-20T15:03:49","slug":"modelos-neuro-musculo-esqueleticos","status":"publish","type":"page","link":"https:\/\/mfes.es\/en\/proyectosversionflorian\/modelos-neuro-musculo-esqueleticos\/","title":{"rendered":"Neuro-musculo-skeletal models of the human body, analysis and simulation of human movement"},"content":{"rendered":"<p class=\"has-contrast-color has-text-color has-link-color wp-elements-e5af3c436e90b2652fc789de6fc79d6c\">Models have been developed at the skeletal level (focused on kinematics and dynamics), musculoskeletal level (also focused on muscle forces), or neuromusculoskeletal level (also focused on activation and muscle contraction processes) for both healthy individuals and those with pathologies (see references [5], [9], [12], [13], [15], [17], [18], [21], [22], [25], [26] in the Publications section).<\/p>\n\n\n\n<div style=\"height:51px\" aria-hidden=\"true\" class=\"wp-block-spacer\"><\/div>\n\n\n\n<figure class=\"wp-block-embed is-type-video is-provider-youtube wp-block-embed-youtube wp-embed-aspect-16-9 wp-has-aspect-ratio\"><div class=\"wp-block-embed__wrapper\">\n<iframe title=\"Real-time musculoskeletal biofeedback using optical mocap\" width=\"500\" height=\"281\" src=\"https:\/\/www.youtube.com\/embed\/W_MH9yuL1FA?feature=oembed\" frameborder=\"0\" allow=\"accelerometer; autoplay; clipboard-write; encrypted-media; gyroscope; picture-in-picture; web-share\" referrerpolicy=\"strict-origin-when-cross-origin\" allowfullscreen><\/iframe>\n<\/div><figcaption class=\"wp-element-caption\">Real-time motion capture and analysis <\/figcaption><\/figure>\n\n\n\n<div class=\"wp-block-group has-global-padding is-layout-constrained wp-block-group-is-layout-constrained\">\n<div class=\"wp-block-group alignwide is-layout-flow wp-block-group-is-layout-flow\">\n<div class=\"wp-block-group alignfull has-global-padding is-layout-constrained wp-container-core-group-is-layout-9be1ad25 wp-block-group-is-layout-constrained\" style=\"margin-top:0;margin-bottom:0;padding-top:var(--wp--preset--spacing--50);padding-right:var(--wp--preset--spacing--50);padding-bottom:var(--wp--preset--spacing--50);padding-left:var(--wp--preset--spacing--50)\">\n<div class=\"wp-block-group alignwide has-global-padding is-layout-constrained wp-container-core-group-is-layout-19e250f3 wp-block-group-is-layout-constrained\">\n<div class=\"wp-block-columns alignwide is-layout-flex wp-container-core-columns-is-layout-d1c656ed wp-block-columns-is-layout-flex\">\n<div class=\"wp-block-column is-vertically-aligned-center is-layout-flow wp-block-column-is-layout-flow\" style=\"flex-basis:60%\">\n<h3 class=\"wp-block-heading is-style-default\">Real-time motion analysis<\/h3>\n\n\n\n<ul style=\"line-height:1.75\" class=\"wp-block-list is-style-checkmark-list\">\n<li>Kinematic: angles, velocities, gait patterns, etc.<\/li>\n\n\n\n<li>Dynamic: joint torques, external reactions, etc.<\/li>\n\n\n\n<li>Muscular: muscle activations and forces, joint reactions, muscle fatigue, energy consumption, etc.<\/li>\n\n\n\n<li>Biofeedback<\/li>\n<\/ul>\n<\/div>\n\n\n\n<div class=\"wp-block-column is-layout-flow wp-block-column-is-layout-flow\" style=\"flex-basis:50%\">\n<figure class=\"wp-block-image aligncenter size-full is-resized is-style-rounded is-style-rounded--1\"><img fetchpriority=\"high\" decoding=\"async\" width=\"1000\" height=\"1000\" src=\"https:\/\/mfes.es\/wp-content\/uploads\/2023\/12\/Lab2.jpg\" alt=\"\" class=\"wp-image-823\" style=\"width:350px\" srcset=\"https:\/\/mfes.es\/wp-content\/uploads\/2023\/12\/Lab2.jpg 1000w, https:\/\/mfes.es\/wp-content\/uploads\/2023\/12\/Lab2-300x300.jpg 300w, https:\/\/mfes.es\/wp-content\/uploads\/2023\/12\/Lab2-150x150.jpg 150w, https:\/\/mfes.es\/wp-content\/uploads\/2023\/12\/Lab2-768x768.jpg 768w\" sizes=\"(max-width: 1000px) 100vw, 1000px\" \/><figcaption class=\"wp-element-caption\">Motion capture laboratory<\/figcaption><\/figure>\n<\/div>\n<\/div>\n\n\n\n<div style=\"height:var(--wp--preset--spacing--40)\" aria-hidden=\"true\" class=\"wp-block-spacer\"><\/div>\n\n\n\n<div class=\"wp-block-columns alignwide is-layout-flex wp-container-core-columns-is-layout-d1c656ed wp-block-columns-is-layout-flex\">\n<div class=\"wp-block-column is-layout-flow wp-block-column-is-layout-flow\" style=\"flex-basis:60%\">\n<figure class=\"wp-block-image aligncenter size-full is-resized is-style-rounded is-style-rounded--2\"><img decoding=\"async\" width=\"661\" height=\"437\" src=\"https:\/\/mfes.es\/wp-content\/uploads\/2024\/02\/Capturasb-1.jpg\" alt=\"\" class=\"wp-image-634\" style=\"width:auto;height:350px\" srcset=\"https:\/\/mfes.es\/wp-content\/uploads\/2024\/02\/Capturasb-1.jpg 661w, https:\/\/mfes.es\/wp-content\/uploads\/2024\/02\/Capturasb-1-300x198.jpg 300w, https:\/\/mfes.es\/wp-content\/uploads\/2024\/02\/Capturasb-1-18x12.jpg 18w\" sizes=\"(max-width: 661px) 100vw, 661px\" \/><figcaption class=\"wp-element-caption\">Motion capture laboratory<\/figcaption><\/figure>\n<\/div>\n\n\n\n<div class=\"wp-block-column is-vertically-aligned-center is-layout-flow wp-block-column-is-layout-flow\" style=\"flex-basis:50%\">\n<h3 class=\"wp-block-heading is-style-default\">Motion capture laboratory<\/h3>\n\n\n\n<ul style=\"line-height:1.75\" class=\"wp-block-list is-style-checkmark-list\">\n<li>18 infrared cameras<\/li>\n\n\n\n<li>3 force plates (with configurable positions)<\/li>\n\n\n\n<li>16 surface electromyography sensors <\/li>\n<\/ul>\n<\/div>\n<\/div>\n\n\n\n<div style=\"height:var(--wp--preset--spacing--40)\" aria-hidden=\"true\" class=\"wp-block-spacer\"><\/div>\n\n\n\n<div class=\"wp-block-columns alignwide is-layout-flex wp-container-core-columns-is-layout-d1c656ed wp-block-columns-is-layout-flex\">\n<div class=\"wp-block-column is-vertically-aligned-center is-layout-flow wp-block-column-is-layout-flow\" style=\"flex-basis:60%\">\n<h3 class=\"wp-block-heading is-style-default\">Customized musculo-skeletal model<\/h3>\n\n\n\n<ul style=\"line-height:1.75\" class=\"wp-block-list is-style-checkmark-list\">\n<li>Skeletal level model (interest in kinematics and dynamics)<\/li>\n\n\n\n<li>Musculo-skeletal level model (interest also in muscle forces)<\/li>\n\n\n\n<li>Neuro-musculo-skeletal level model (interest also in muscle activation and contraction processes)<\/li>\n<\/ul>\n<\/div>\n\n\n\n<div class=\"wp-block-column is-layout-flow wp-block-column-is-layout-flow\" style=\"flex-basis:50%\">\n<figure class=\"wp-block-image aligncenter size-full is-resized is-style-rounded is-style-rounded--3\"><img decoding=\"async\" width=\"1000\" height=\"1000\" src=\"https:\/\/mfes.es\/wp-content\/uploads\/2023\/11\/Lab5-1.jpg\" alt=\"\" class=\"wp-image-636\" style=\"width:350px\" srcset=\"https:\/\/mfes.es\/wp-content\/uploads\/2023\/11\/Lab5-1.jpg 1000w, https:\/\/mfes.es\/wp-content\/uploads\/2023\/11\/Lab5-1-300x300.jpg 300w, https:\/\/mfes.es\/wp-content\/uploads\/2023\/11\/Lab5-1-150x150.jpg 150w, https:\/\/mfes.es\/wp-content\/uploads\/2023\/11\/Lab5-1-768x768.jpg 768w\" sizes=\"(max-width: 1000px) 100vw, 1000px\" \/><figcaption class=\"wp-element-caption\">Customized musculo-skeletal model<\/figcaption><\/figure>\n<\/div>\n<\/div>\n\n\n\n<div style=\"height:var(--wp--preset--spacing--40)\" aria-hidden=\"true\" class=\"wp-block-spacer\"><\/div>\n\n\n\n<div class=\"wp-block-columns alignwide is-layout-flex wp-container-core-columns-is-layout-d1c656ed wp-block-columns-is-layout-flex\">\n<div class=\"wp-block-column is-layout-flow wp-block-column-is-layout-flow\" style=\"flex-basis:60%\">\n<figure class=\"wp-block-image aligncenter size-full is-resized is-style-rounded is-style-rounded--4\"><img loading=\"lazy\" decoding=\"async\" width=\"661\" height=\"437\" src=\"https:\/\/mfes.es\/wp-content\/uploads\/2023\/12\/Lab11.jpg\" alt=\"\" class=\"wp-image-832\" style=\"width:auto;height:350px\" srcset=\"https:\/\/mfes.es\/wp-content\/uploads\/2023\/12\/Lab11.jpg 661w, https:\/\/mfes.es\/wp-content\/uploads\/2023\/12\/Lab11-300x198.jpg 300w\" sizes=\"(max-width: 661px) 100vw, 661px\" \/><figcaption class=\"wp-element-caption\">Portable motion capture systems<\/figcaption><\/figure>\n<\/div>\n\n\n\n<div class=\"wp-block-column is-vertically-aligned-center is-layout-flow wp-block-column-is-layout-flow\" style=\"flex-basis:50%\">\n<h3 class=\"wp-block-heading is-style-default\">Portable system<\/h3>\n\n\n\n<ul style=\"line-height:1.75\" class=\"wp-block-list is-style-checkmark-list\">\n<li>6 infrared cameras with tripods<\/li>\n\n\n\n<li>10 inertial sensors<\/li>\n<\/ul>\n<\/div>\n<\/div>\n<\/div>\n\n\n\n<div style=\"height:104px\" aria-hidden=\"true\" class=\"wp-block-spacer\"><\/div>\n\n\n\n<div class=\"wp-block-buttons alignfull is-content-justification-center is-layout-flex wp-container-core-buttons-is-layout-a89b3969 wp-block-buttons-is-layout-flex\">\n<div class=\"wp-block-button is-style-outline is-style-outline--5\"><a class=\"wp-block-button__link wp-element-button\" href=\"https:\/\/mfes.es\/en\/proyectos-2\/\">Back to Project<\/a><\/div>\n<\/div>\n<\/div>\n<\/div>\n<\/div>","protected":false},"excerpt":{"rendered":"<p>Se han realizado modelos a nivel esquel\u00e9tico (inter\u00e9s en cinem\u00e1tica y din\u00e1mica), m\u00fasculo-esquel\u00e9tico (inter\u00e9s tambi\u00e9n en fuerzas musculares), o neuro-m\u00fasculo-esquel\u00e9tico (inter\u00e9s tambi\u00e9n en los procesos de activaci\u00f3n y contracci\u00f3n muscular) de personas sanas y con patolog\u00edas (ver referencias [5], [9], [12], [13] [15], [17], [18], [21], [22], [25], [26] en el apartado de Publicaciones). An\u00e1lisis [&hellip;]<\/p>","protected":false},"author":2,"featured_media":0,"parent":196,"menu_order":0,"comment_status":"closed","ping_status":"closed","template":"","meta":{"footnotes":""},"class_list":["post-184","page","type-page","status-publish","hentry"],"_links":{"self":[{"href":"https:\/\/mfes.es\/en\/wp-json\/wp\/v2\/pages\/184","targetHints":{"allow":["GET"]}}],"collection":[{"href":"https:\/\/mfes.es\/en\/wp-json\/wp\/v2\/pages"}],"about":[{"href":"https:\/\/mfes.es\/en\/wp-json\/wp\/v2\/types\/page"}],"author":[{"embeddable":true,"href":"https:\/\/mfes.es\/en\/wp-json\/wp\/v2\/users\/2"}],"replies":[{"embeddable":true,"href":"https:\/\/mfes.es\/en\/wp-json\/wp\/v2\/comments?post=184"}],"version-history":[{"count":22,"href":"https:\/\/mfes.es\/en\/wp-json\/wp\/v2\/pages\/184\/revisions"}],"predecessor-version":[{"id":1341,"href":"https:\/\/mfes.es\/en\/wp-json\/wp\/v2\/pages\/184\/revisions\/1341"}],"up":[{"embeddable":true,"href":"https:\/\/mfes.es\/en\/wp-json\/wp\/v2\/pages\/196"}],"wp:attachment":[{"href":"https:\/\/mfes.es\/en\/wp-json\/wp\/v2\/media?parent=184"}],"curies":[{"name":"wp","href":"https:\/\/api.w.org\/{rel}","templated":true}]}}