{"id":187,"date":"2023-09-28T13:00:29","date_gmt":"2023-09-28T11:00:29","guid":{"rendered":"http:\/\/193.144.52.105:8099\/?page_id=187"},"modified":"2023-12-10T11:28:23","modified_gmt":"2023-12-10T10:28:23","slug":"simulacion-cabeza-cuello-impacto-balistico","status":"publish","type":"page","link":"https:\/\/mfes.es\/en\/proyectosversionflorian\/simulacion-cabeza-cuello-impacto-balistico\/","title":{"rendered":"Simulation of the response of the head-neck complex to ballistic impacts"},"content":{"rendered":"<p>A project was carried out with the aim of understanding the dynamic response of the head-neck complex to projectile impacts on a helmet capable of preventing penetration. The entire head-neck complex of the human was modeled at the neuro-musculo-skeletal level, and an algorithm was developed to simulate the dynamic response to shots received from any direction, with projectiles of varying mass and speed.<\/p>\n\n\n\n<div style=\"height:33px\" aria-hidden=\"true\" class=\"wp-block-spacer\"><\/div>\n\n\n\n<figure class=\"wp-block-embed is-type-video is-provider-youtube wp-block-embed-youtube wp-embed-aspect-16-9 wp-has-aspect-ratio\"><div class=\"wp-block-embed__wrapper\">\n<iframe title=\"Simulation of the head-neck system response to ballistic impacts\" width=\"500\" height=\"281\" src=\"https:\/\/www.youtube.com\/embed\/Gwf1_9SuZJ0?feature=oembed\" frameborder=\"0\" allow=\"accelerometer; autoplay; clipboard-write; encrypted-media; gyroscope; picture-in-picture; web-share\" referrerpolicy=\"strict-origin-when-cross-origin\" allowfullscreen><\/iframe>\n<\/div><\/figure>\n\n\n\n<div class=\"wp-block-group has-global-padding is-layout-constrained wp-block-group-is-layout-constrained\">\n<div class=\"wp-block-group alignwide is-layout-flow wp-container-core-group-is-layout-a77db08e wp-block-group-is-layout-flow\">\n<div style=\"height:37px\" aria-hidden=\"true\" class=\"wp-block-spacer\"><\/div>\n\n\n\n<div class=\"wp-block-columns alignwide is-layout-flex wp-container-core-columns-is-layout-d1c656ed wp-block-columns-is-layout-flex\">\n<div class=\"wp-block-column is-vertically-aligned-center is-layout-flow wp-block-column-is-layout-flow\" style=\"flex-basis:60%\">\n<h3 class=\"wp-block-heading is-style-default\">Neuro-musculoskeletal model<\/h3>\n\n\n\n<ul style=\"line-height:1.75\" class=\"is-style-checkmark-list wp-block-list\">\n<li>Cervical vertebrae<\/li>\n\n\n\n<li>Intervertebral discs<\/li>\n\n\n\n<li>Ligaments<\/li>\n\n\n\n<li>Muscles <\/li>\n<\/ul>\n<\/div>\n\n\n\n<div class=\"wp-block-column is-layout-flow wp-block-column-is-layout-flow\" style=\"flex-basis:50%\">\n<figure class=\"wp-block-image aligncenter size-full is-resized is-style-rounded is-style-rounded--1\"><img fetchpriority=\"high\" decoding=\"async\" width=\"1000\" height=\"1000\" src=\"https:\/\/mfes.es\/wp-content\/uploads\/2023\/12\/Cuello.jpg\" alt=\"\" class=\"wp-image-826\" style=\"width:350px\" srcset=\"https:\/\/mfes.es\/wp-content\/uploads\/2023\/12\/Cuello.jpg 1000w, https:\/\/mfes.es\/wp-content\/uploads\/2023\/12\/Cuello-300x300.jpg 300w, https:\/\/mfes.es\/wp-content\/uploads\/2023\/12\/Cuello-150x150.jpg 150w, https:\/\/mfes.es\/wp-content\/uploads\/2023\/12\/Cuello-768x768.jpg 768w\" sizes=\"(max-width: 1000px) 100vw, 1000px\" \/><figcaption class=\"wp-element-caption\">Computer simulation of ballistic impacts with a musculo-skeletal model<\/figcaption><\/figure>\n<\/div>\n<\/div>\n\n\n\n<div style=\"height:var(--wp--preset--spacing--40)\" aria-hidden=\"true\" class=\"wp-block-spacer\"><\/div>\n\n\n\n<div class=\"wp-block-columns alignwide is-layout-flex wp-container-core-columns-is-layout-d1c656ed wp-block-columns-is-layout-flex\">\n<div class=\"wp-block-column is-layout-flow wp-block-column-is-layout-flow\" style=\"flex-basis:60%\">\n<figure class=\"wp-block-image aligncenter size-full is-resized is-style-rounded is-style-rounded--2\"><img decoding=\"async\" width=\"1000\" height=\"1000\" src=\"https:\/\/mfes.es\/wp-content\/uploads\/2023\/12\/Cuello.png\" alt=\"\" class=\"wp-image-827\" style=\"width:auto;height:350px\" srcset=\"https:\/\/mfes.es\/wp-content\/uploads\/2023\/12\/Cuello.png 1000w, https:\/\/mfes.es\/wp-content\/uploads\/2023\/12\/Cuello-300x300.png 300w, https:\/\/mfes.es\/wp-content\/uploads\/2023\/12\/Cuello-150x150.png 150w, https:\/\/mfes.es\/wp-content\/uploads\/2023\/12\/Cuello-768x768.png 768w\" sizes=\"(max-width: 1000px) 100vw, 1000px\" \/><figcaption class=\"wp-element-caption\">Simulation of cervical contacts during an impact<\/figcaption><\/figure>\n<\/div>\n\n\n\n<div class=\"wp-block-column is-vertically-aligned-center is-layout-flow wp-block-column-is-layout-flow\" style=\"flex-basis:50%\">\n<h3 class=\"wp-block-heading is-style-default\">Detection and simulation of contacts<\/h3>\n\n\n\n<ul style=\"line-height:1.75\" class=\"is-style-checkmark-list wp-block-list\">\n<li>Contacts of facet joint articulations<\/li>\n\n\n\n<li>Contact of the \"odontoid\" of C2<\/li>\n\n\n\n<li>Occipital contacts<\/li>\n\n\n\n<li>Spinous contacts<\/li>\n<\/ul>\n<\/div>\n<\/div>\n\n\n\n<div style=\"height:var(--wp--preset--spacing--40)\" aria-hidden=\"true\" class=\"wp-block-spacer\"><\/div>\n\n\n\n<div class=\"wp-block-columns alignwide is-layout-flex wp-container-core-columns-is-layout-d1c656ed wp-block-columns-is-layout-flex\">\n<div class=\"wp-block-column is-vertically-aligned-center is-layout-flow wp-block-column-is-layout-flow\" style=\"flex-basis:60%\">\n<h3 class=\"wp-block-heading is-style-default\">Industrial project<\/h3>\n\n\n\n<ul style=\"line-height:1.75\" class=\"is-style-checkmark-list wp-block-list\">\n<li>Commissioned by the company FECSA<\/li>\n\n\n\n<li>Tool for the design of military helmets <\/li>\n\n\n\n<li>Cost and time reduction through computational simulation<\/li>\n<\/ul>\n<\/div>\n\n\n\n<div class=\"wp-block-column is-layout-flow wp-block-column-is-layout-flow\" style=\"flex-basis:50%\">\n<figure class=\"wp-block-image aligncenter size-full is-resized is-style-rounded is-style-rounded--3\"><img decoding=\"async\" width=\"1000\" height=\"1000\" src=\"https:\/\/mfes.es\/wp-content\/uploads\/2023\/12\/Cuello2.jpg\" alt=\"\" class=\"wp-image-828\" style=\"width:350px\" srcset=\"https:\/\/mfes.es\/wp-content\/uploads\/2023\/12\/Cuello2.jpg 1000w, https:\/\/mfes.es\/wp-content\/uploads\/2023\/12\/Cuello2-300x300.jpg 300w, https:\/\/mfes.es\/wp-content\/uploads\/2023\/12\/Cuello2-150x150.jpg 150w, https:\/\/mfes.es\/wp-content\/uploads\/2023\/12\/Cuello2-768x768.jpg 768w\" sizes=\"(max-width: 1000px) 100vw, 1000px\" \/><figcaption class=\"wp-element-caption\">Computational simulation for the design of military helmets <\/figcaption><\/figure>\n<\/div>\n<\/div>\n\n\n\n<div style=\"height:var(--wp--preset--spacing--40)\" aria-hidden=\"true\" class=\"wp-block-spacer\"><\/div>\n\n\n\n<div class=\"wp-block-columns alignwide is-layout-flex wp-container-core-columns-is-layout-d1c656ed wp-block-columns-is-layout-flex\">\n<div class=\"wp-block-column is-layout-flow wp-block-column-is-layout-flow\" style=\"flex-basis:60%\">\n<figure class=\"wp-block-image aligncenter size-full is-resized is-style-rounded is-style-rounded--4\"><img loading=\"lazy\" decoding=\"async\" width=\"1000\" height=\"1000\" src=\"https:\/\/mfes.es\/wp-content\/uploads\/2023\/12\/Cuello2.png\" alt=\"\" class=\"wp-image-834\" style=\"width:auto;height:350px\" srcset=\"https:\/\/mfes.es\/wp-content\/uploads\/2023\/12\/Cuello2.png 1000w, https:\/\/mfes.es\/wp-content\/uploads\/2023\/12\/Cuello2-300x300.png 300w, https:\/\/mfes.es\/wp-content\/uploads\/2023\/12\/Cuello2-150x150.png 150w, https:\/\/mfes.es\/wp-content\/uploads\/2023\/12\/Cuello2-768x768.png 768w\" sizes=\"(max-width: 1000px) 100vw, 1000px\" \/><figcaption class=\"wp-element-caption\">Computer simulation of impact on a dummy<\/figcaption><\/figure>\n<\/div>\n\n\n\n<div class=\"wp-block-column is-vertically-aligned-center is-layout-flow wp-block-column-is-layout-flow\" style=\"flex-basis:50%\">\n<h3 class=\"wp-block-heading is-style-default\">Dummy simulation<\/h3>\n\n\n\n<ul style=\"line-height:1.75\" class=\"is-style-checkmark-list wp-block-list\">\n<li>Allows for experimental validation<\/li>\n<\/ul>\n<\/div>\n<\/div>\n<\/div>\n<\/div>\n\n\n\n<div style=\"height:100px\" aria-hidden=\"true\" class=\"wp-block-spacer\"><\/div>\n\n\n\n<div class=\"wp-block-group has-global-padding is-layout-constrained wp-block-group-is-layout-constrained\">\n<div class=\"wp-block-buttons alignfull is-content-justification-center is-layout-flex wp-container-core-buttons-is-layout-a89b3969 wp-block-buttons-is-layout-flex\">\n<div class=\"wp-block-button is-style-outline is-style-outline--5\"><a class=\"wp-block-button__link wp-element-button\" href=\"https:\/\/mfes.es\/en\/proyectos-2\/\">Back to Project<\/a><\/div>\n<\/div>\n<\/div>","protected":false},"excerpt":{"rendered":"<p>Se realiz\u00f3 un proyecto con el objetivo de conocer la respuesta din\u00e1mica del conjunto cabeza-cuello frente a impactos de proyectiles en un casco capaz de evitar la penetraci\u00f3n de los mismos. Se model\u00f3 a nivel neuro-m\u00fasculo-esquel\u00e9tico todo el conjunto de cabeza-cuello humano, y se desarroll\u00f3 un algoritmo para la simulaci\u00f3n de la respuesta din\u00e1mica frente [&hellip;]<\/p>","protected":false},"author":2,"featured_media":0,"parent":196,"menu_order":0,"comment_status":"closed","ping_status":"closed","template":"","meta":{"footnotes":""},"class_list":["post-187","page","type-page","status-publish","hentry"],"_links":{"self":[{"href":"https:\/\/mfes.es\/en\/wp-json\/wp\/v2\/pages\/187","targetHints":{"allow":["GET"]}}],"collection":[{"href":"https:\/\/mfes.es\/en\/wp-json\/wp\/v2\/pages"}],"about":[{"href":"https:\/\/mfes.es\/en\/wp-json\/wp\/v2\/types\/page"}],"author":[{"embeddable":true,"href":"https:\/\/mfes.es\/en\/wp-json\/wp\/v2\/users\/2"}],"replies":[{"embeddable":true,"href":"https:\/\/mfes.es\/en\/wp-json\/wp\/v2\/comments?post=187"}],"version-history":[{"count":18,"href":"https:\/\/mfes.es\/en\/wp-json\/wp\/v2\/pages\/187\/revisions"}],"predecessor-version":[{"id":960,"href":"https:\/\/mfes.es\/en\/wp-json\/wp\/v2\/pages\/187\/revisions\/960"}],"up":[{"embeddable":true,"href":"https:\/\/mfes.es\/en\/wp-json\/wp\/v2\/pages\/196"}],"wp:attachment":[{"href":"https:\/\/mfes.es\/en\/wp-json\/wp\/v2\/media?parent=187"}],"curies":[{"name":"wp","href":"https:\/\/api.w.org\/{rel}","templated":true}]}}