{"id":189,"date":"2023-09-28T13:00:54","date_gmt":"2023-09-28T11:00:54","guid":{"rendered":"http:\/\/193.144.52.105:8099\/?page_id=189"},"modified":"2024-05-13T15:36:17","modified_gmt":"2024-05-13T13:36:17","slug":"simulacion-movimiento-rotula","status":"publish","type":"page","link":"https:\/\/mfes.es\/en\/proyectosversionflorian\/simulacion-movimiento-rotula\/","title":{"rendered":"Simulation of the movement of the patella in total knee arthroplasty"},"content":{"rendered":"<p class=\"has-contrast-color has-text-color has-link-color wp-elements-f78d8ba9339a6f504e42ac4901566d34\">A project was carried out consisting of modeling the femur-tibia-patella assembly after the placement of prostheses in a total knee arthroplasty (TKA), and simulating the flexion and extension movement of the knee to determine the trajectory of the patella and the pressure on it during the movement. To validate the modeling and simulation, a sensorized test bench was constructed to reproduce the assembly (see references [23] and [24] in the Publications section).<\/p>\n\n\n\n<div style=\"height:21px\" aria-hidden=\"true\" class=\"wp-block-spacer\"><\/div>\n\n\n\n<figure class=\"wp-block-embed is-type-video is-provider-youtube wp-block-embed-youtube wp-embed-aspect-16-9 wp-has-aspect-ratio\"><div class=\"wp-block-embed__wrapper\">\n<iframe title=\"EXPERIMENTAL VALIDATION OF PATELLAR TRACKING AND CONTACT SIMULATION OF DIGITAL TWINS AFTER TKR\" width=\"500\" height=\"281\" src=\"https:\/\/www.youtube.com\/embed\/PyJ7Z4sRAnU?feature=oembed\" frameborder=\"0\" allow=\"accelerometer; autoplay; clipboard-write; encrypted-media; gyroscope; picture-in-picture; web-share\" referrerpolicy=\"strict-origin-when-cross-origin\" allowfullscreen><\/iframe>\n<\/div><\/figure>\n\n\n\n<div class=\"wp-block-group alignwide has-global-padding is-layout-constrained wp-block-group-is-layout-constrained\">\n<div class=\"wp-block-group alignfull has-global-padding is-layout-constrained wp-container-core-group-is-layout-9be1ad25 wp-block-group-is-layout-constrained\" style=\"margin-top:0;margin-bottom:0;padding-top:var(--wp--preset--spacing--50);padding-right:var(--wp--preset--spacing--50);padding-bottom:var(--wp--preset--spacing--50);padding-left:var(--wp--preset--spacing--50)\">\n<div class=\"wp-block-group alignwide has-global-padding is-layout-constrained wp-container-core-group-is-layout-19e250f3 wp-block-group-is-layout-constrained\">\n<div class=\"wp-block-columns alignwide is-layout-flex wp-container-core-columns-is-layout-d1c656ed wp-block-columns-is-layout-flex\">\n<div class=\"wp-block-column is-vertically-aligned-center is-layout-flow wp-block-column-is-layout-flow\" style=\"flex-basis:40%\">\n<h3 class=\"wp-block-heading is-style-default\">Simulation of knee flexion-extension movement after TKA (Total Knee Arthroplasty)<\/h3>\n\n\n\n<ul style=\"line-height:1.75\" class=\"is-style-checkmark-list wp-block-list\">\n<li>Detection and simulation of contacts<\/li>\n\n\n\n<li>Simulation of pathologies and treatments<\/li>\n\n\n\n<li>Efficient calculations (3 times faster than real time)<\/li>\n<\/ul>\n<\/div>\n\n\n\n<div class=\"wp-block-column is-layout-flow wp-block-column-is-layout-flow\" style=\"flex-basis:50%\">\n<figure class=\"wp-block-image aligncenter size-full is-resized is-style-rounded is-style-rounded--1\"><img fetchpriority=\"high\" decoding=\"async\" width=\"1000\" height=\"1000\" src=\"https:\/\/mfes.es\/wp-content\/uploads\/2023\/12\/Rodilla2.jpg\" alt=\"\" class=\"wp-image-767\" style=\"width:352px\" srcset=\"https:\/\/mfes.es\/wp-content\/uploads\/2023\/12\/Rodilla2.jpg 1000w, https:\/\/mfes.es\/wp-content\/uploads\/2023\/12\/Rodilla2-300x300.jpg 300w, https:\/\/mfes.es\/wp-content\/uploads\/2023\/12\/Rodilla2-150x150.jpg 150w, https:\/\/mfes.es\/wp-content\/uploads\/2023\/12\/Rodilla2-768x768.jpg 768w\" sizes=\"(max-width: 1000px) 100vw, 1000px\" \/><figcaption class=\"wp-element-caption\">Computer simulation of pathologies and treatments<\/figcaption><\/figure>\n<\/div>\n<\/div>\n\n\n\n<div style=\"height:var(--wp--preset--spacing--40)\" aria-hidden=\"true\" class=\"wp-block-spacer\"><\/div>\n\n\n\n<div class=\"wp-block-columns alignwide is-layout-flex wp-container-core-columns-is-layout-d1c656ed wp-block-columns-is-layout-flex\">\n<div class=\"wp-block-column is-layout-flow wp-block-column-is-layout-flow\" style=\"flex-basis:50%\">\n<figure class=\"wp-block-image aligncenter size-full is-resized is-style-rounded is-style-rounded--2\"><img decoding=\"async\" width=\"1000\" height=\"1000\" src=\"https:\/\/mfes.es\/wp-content\/uploads\/2024\/02\/Rodilla3b.jpg\" alt=\"\" class=\"wp-image-768\" style=\"width:350px\" srcset=\"https:\/\/mfes.es\/wp-content\/uploads\/2024\/02\/Rodilla3b.jpg 1000w, https:\/\/mfes.es\/wp-content\/uploads\/2024\/02\/Rodilla3b-300x300.jpg 300w, https:\/\/mfes.es\/wp-content\/uploads\/2024\/02\/Rodilla3b-150x150.jpg 150w, https:\/\/mfes.es\/wp-content\/uploads\/2024\/02\/Rodilla3b-768x768.jpg 768w, https:\/\/mfes.es\/wp-content\/uploads\/2024\/02\/Rodilla3b-12x12.jpg 12w\" sizes=\"(max-width: 1000px) 100vw, 1000px\" \/><figcaption class=\"wp-element-caption\">Sensorized leg test bench for experimental validation<\/figcaption><\/figure>\n<\/div>\n\n\n\n<div class=\"wp-block-column is-vertically-aligned-center is-layout-flow wp-block-column-is-layout-flow\" style=\"flex-basis:40%\">\n<h3 class=\"wp-block-heading is-style-default\">Experimental validation<\/h3>\n\n\n\n<ul style=\"line-height:1.75\" class=\"is-style-checkmark-list wp-block-list\">\n<li>Sensorized leg test bench<\/li>\n\n\n\n<li>Motion and force sensors<\/li>\n\n\n\n<li>Customized bones through 3D printing<\/li>\n\n\n\n<li>Commercial implants<\/li>\n<\/ul>\n<\/div>\n<\/div>\n\n\n\n<div style=\"height:var(--wp--preset--spacing--40)\" aria-hidden=\"true\" class=\"wp-block-spacer\"><\/div>\n\n\n\n<div class=\"wp-block-columns alignwide is-layout-flex wp-container-core-columns-is-layout-d1c656ed wp-block-columns-is-layout-flex\">\n<div class=\"wp-block-column is-vertically-aligned-center is-layout-flow wp-block-column-is-layout-flow\" style=\"flex-basis:40%\">\n<h3 class=\"wp-block-heading is-style-default\">Pilot project with Pixee Medical company<\/h3>\n\n\n\n<ul style=\"line-height:1.75\" class=\"is-style-checkmark-list wp-block-list\">\n<li>Custom project<\/li>\n\n\n\n<li>International remote collaboration<\/li>\n<\/ul>\n<\/div>\n\n\n\n<div class=\"wp-block-column is-layout-flow wp-block-column-is-layout-flow\" style=\"flex-basis:50%\">\n<figure class=\"wp-block-image aligncenter size-full is-resized is-style-rounded is-style-rounded--3\"><img decoding=\"async\" width=\"1000\" height=\"1000\" src=\"https:\/\/mfes.es\/wp-content\/uploads\/2023\/12\/Rodilla4.jpg\" alt=\"\" class=\"wp-image-805\" style=\"width:350px\" srcset=\"https:\/\/mfes.es\/wp-content\/uploads\/2023\/12\/Rodilla4.jpg 1000w, https:\/\/mfes.es\/wp-content\/uploads\/2023\/12\/Rodilla4-300x300.jpg 300w, https:\/\/mfes.es\/wp-content\/uploads\/2023\/12\/Rodilla4-150x150.jpg 150w, https:\/\/mfes.es\/wp-content\/uploads\/2023\/12\/Rodilla4-768x768.jpg 768w\" sizes=\"(max-width: 1000px) 100vw, 1000px\" \/><figcaption class=\"wp-element-caption\">International collaboration with Pixee Medical<\/figcaption><\/figure>\n<\/div>\n<\/div>\n\n\n\n<div style=\"height:var(--wp--preset--spacing--40)\" aria-hidden=\"true\" class=\"wp-block-spacer\"><\/div>\n\n\n\n<div class=\"wp-block-columns alignwide is-layout-flex wp-container-core-columns-is-layout-d1c656ed wp-block-columns-is-layout-flex\">\n<div class=\"wp-block-column is-layout-flow wp-block-column-is-layout-flow\" style=\"flex-basis:50%\">\n<figure class=\"wp-block-image aligncenter size-full is-resized is-style-rounded is-style-rounded--4\"><img loading=\"lazy\" decoding=\"async\" width=\"501\" height=\"547\" src=\"https:\/\/mfes.es\/wp-content\/uploads\/2023\/12\/Rodilla.jpg\" alt=\"\" class=\"wp-image-809\" style=\"width:350px\" srcset=\"https:\/\/mfes.es\/wp-content\/uploads\/2023\/12\/Rodilla.jpg 501w, https:\/\/mfes.es\/wp-content\/uploads\/2023\/12\/Rodilla-275x300.jpg 275w\" sizes=\"(max-width: 501px) 100vw, 501px\" \/><figcaption class=\"wp-element-caption\">Real-time knee motion capture and simulation<\/figcaption><\/figure>\n<\/div>\n\n\n\n<div class=\"wp-block-column is-vertically-aligned-center is-layout-flow wp-block-column-is-layout-flow\" style=\"flex-basis:40%\">\n<h3 class=\"wp-block-heading is-style-default\">Simultaneous view of test bench and simulation<\/h3>\n\n\n\n<ul style=\"line-height:1.75\" class=\"is-style-checkmark-list wp-block-list\">\n<li>Real-time motion capture and simulation<\/li>\n<\/ul>\n<\/div>\n<\/div>\n<\/div>\n\n\n\n<div style=\"height:104px\" aria-hidden=\"true\" class=\"wp-block-spacer\"><\/div>\n\n\n\n<div class=\"wp-block-buttons alignfull is-content-justification-center is-layout-flex wp-container-core-buttons-is-layout-a89b3969 wp-block-buttons-is-layout-flex\">\n<div class=\"wp-block-button is-style-outline is-style-outline--5\"><a class=\"wp-block-button__link wp-element-button\" href=\"https:\/\/mfes.es\/en\/proyectos-2\/\">Back to Project<\/a><\/div>\n<\/div>\n<\/div>\n<\/div>","protected":false},"excerpt":{"rendered":"<p>Se realiz\u00f3 un proyecto consistente en modelar el conjunto f\u00e9mur-tibia-r\u00f3tula tras la colocaci\u00f3n de pr\u00f3tesis en una artoplastia total de rodilla (ATR), y en simular el movimiento de flexi\u00f3n y extensi\u00f3n de la rodilla para determinar la trayectoria de la r\u00f3tula y la presi\u00f3n sobre la misma durante el movimiento. Para validar modelado y simulaci\u00f3n, [&hellip;]<\/p>","protected":false},"author":4,"featured_media":0,"parent":196,"menu_order":0,"comment_status":"closed","ping_status":"closed","template":"","meta":{"footnotes":""},"class_list":["post-189","page","type-page","status-publish","hentry"],"_links":{"self":[{"href":"https:\/\/mfes.es\/en\/wp-json\/wp\/v2\/pages\/189","targetHints":{"allow":["GET"]}}],"collection":[{"href":"https:\/\/mfes.es\/en\/wp-json\/wp\/v2\/pages"}],"about":[{"href":"https:\/\/mfes.es\/en\/wp-json\/wp\/v2\/types\/page"}],"author":[{"embeddable":true,"href":"https:\/\/mfes.es\/en\/wp-json\/wp\/v2\/users\/4"}],"replies":[{"embeddable":true,"href":"https:\/\/mfes.es\/en\/wp-json\/wp\/v2\/comments?post=189"}],"version-history":[{"count":27,"href":"https:\/\/mfes.es\/en\/wp-json\/wp\/v2\/pages\/189\/revisions"}],"predecessor-version":[{"id":1322,"href":"https:\/\/mfes.es\/en\/wp-json\/wp\/v2\/pages\/189\/revisions\/1322"}],"up":[{"embeddable":true,"href":"https:\/\/mfes.es\/en\/wp-json\/wp\/v2\/pages\/196"}],"wp:attachment":[{"href":"https:\/\/mfes.es\/en\/wp-json\/wp\/v2\/media?parent=189"}],"curies":[{"name":"wp","href":"https:\/\/api.w.org\/{rel}","templated":true}]}}