{"id":191,"date":"2023-09-28T13:01:25","date_gmt":"2023-09-28T11:01:25","guid":{"rendered":"http:\/\/193.144.52.105:8099\/?page_id=191"},"modified":"2023-12-10T11:33:49","modified_gmt":"2023-12-10T10:33:49","slug":"sensorizacion-biomecanica","status":"publish","type":"page","link":"https:\/\/mfes.es\/en\/proyectosversionflorian\/sensorizacion-biomecanica\/","title":{"rendered":"Biomechanical sensorization"},"content":{"rendered":"<p>A project was carried out involving the development of a sterilizable sensor for measuring the orientation of the acetabular cup impactor-positioner during total hip arthroplasty (THA). The sensor was easily mounted on the tool and had a light system that assisted the surgeon in positioning it intuitively.<\/p>\n\n\n\n<div class=\"wp-block-group alignwide is-layout-flow wp-container-core-group-is-layout-a77db08e wp-block-group-is-layout-flow\">\n<div class=\"wp-block-columns alignwide is-layout-flex wp-container-core-columns-is-layout-d1c656ed wp-block-columns-is-layout-flex\">\n<div class=\"wp-block-column is-vertically-aligned-center is-layout-flow wp-block-column-is-layout-flow\" style=\"flex-basis:60%\">\n<h3 class=\"wp-block-heading is-style-default\"><strong>Orientation sensor for total hip arthroplasty<\/strong><\/h3>\n\n\n\n<ul style=\"line-height:1.75\" class=\"is-style-checkmark-list wp-block-list\">\n<li>3D orientation sensor<\/li>\n\n\n\n<li>Autonomous device to assist the surgeon during the alignment of the acetabular cup impactor\/positioner in total hip arthroplasty operations<\/li>\n\n\n\n<li>For the milling of the bone and the placement of the acetabular cup<\/li>\n<\/ul>\n<\/div>\n\n\n\n<div class=\"wp-block-column is-layout-flow wp-block-column-is-layout-flow\" style=\"flex-basis:50%\">\n<figure class=\"wp-block-image aligncenter size-full is-resized is-style-rounded is-style-rounded--1\"><img fetchpriority=\"high\" decoding=\"async\" width=\"1000\" height=\"1000\" src=\"https:\/\/mfes.es\/wp-content\/uploads\/2023\/12\/Cadera.jpg\" alt=\"\" class=\"wp-image-846\" style=\"width:350px\" srcset=\"https:\/\/mfes.es\/wp-content\/uploads\/2023\/12\/Cadera.jpg 1000w, https:\/\/mfes.es\/wp-content\/uploads\/2023\/12\/Cadera-300x300.jpg 300w, https:\/\/mfes.es\/wp-content\/uploads\/2023\/12\/Cadera-150x150.jpg 150w, https:\/\/mfes.es\/wp-content\/uploads\/2023\/12\/Cadera-768x768.jpg 768w\" sizes=\"(max-width: 1000px) 100vw, 1000px\" \/><figcaption class=\"wp-element-caption\">Measurement of anteversion and abduction angles using orientation sensor in Total Hip Arthroplasty (THA)<\/figcaption><\/figure>\n<\/div>\n<\/div>\n\n\n\n<div style=\"height:var(--wp--preset--spacing--40)\" aria-hidden=\"true\" class=\"wp-block-spacer\"><\/div>\n\n\n\n<div class=\"wp-block-columns alignwide is-layout-flex wp-container-core-columns-is-layout-d1c656ed wp-block-columns-is-layout-flex\">\n<div class=\"wp-block-column is-layout-flow wp-block-column-is-layout-flow\" style=\"flex-basis:60%\">\n<figure class=\"wp-block-image aligncenter size-full is-resized is-style-rounded is-style-rounded--2\"><img decoding=\"async\" width=\"1000\" height=\"1000\" src=\"https:\/\/mfes.es\/wp-content\/uploads\/2023\/12\/Sensores-1.jpg\" alt=\"\" class=\"wp-image-849\" style=\"width:auto;height:350px\" srcset=\"https:\/\/mfes.es\/wp-content\/uploads\/2023\/12\/Sensores-1.jpg 1000w, https:\/\/mfes.es\/wp-content\/uploads\/2023\/12\/Sensores-1-300x300.jpg 300w, https:\/\/mfes.es\/wp-content\/uploads\/2023\/12\/Sensores-1-150x150.jpg 150w, https:\/\/mfes.es\/wp-content\/uploads\/2023\/12\/Sensores-1-768x768.jpg 768w\" sizes=\"(max-width: 1000px) 100vw, 1000px\" \/><figcaption class=\"wp-element-caption\">Orientation sensor for total hip arthroplasty<\/figcaption><\/figure>\n<\/div>\n\n\n\n<div class=\"wp-block-column is-vertically-aligned-center is-layout-flow wp-block-column-is-layout-flow\" style=\"flex-basis:50%\">\n<h3 class=\"wp-block-heading is-style-default\">Low-cost and reusable device<\/h3>\n\n\n\n<ul style=\"line-height:1.75\" class=\"is-style-checkmark-list wp-block-list\">\n<li>Rigid fixation to any impactor\/positioner (1)<\/li>\n\n\n\n<li>Waterproof and sterilizable 3D printed box (2)<\/li>\n\n\n\n<li>Simple interface for guidance<\/li>\n<\/ul>\n<\/div>\n<\/div>\n\n\n\n<div style=\"height:var(--wp--preset--spacing--40)\" aria-hidden=\"true\" class=\"wp-block-spacer\"><\/div>\n<\/div>\n\n\n\n<div class=\"wp-block-group has-global-padding is-layout-constrained wp-block-group-is-layout-constrained\">\n<div class=\"wp-block-buttons alignfull is-content-justification-center is-layout-flex wp-container-core-buttons-is-layout-a89b3969 wp-block-buttons-is-layout-flex\">\n<div class=\"wp-block-button is-style-outline is-style-outline--3\"><a class=\"wp-block-button__link wp-element-button\" href=\"https:\/\/mfes.es\/en\/proyectos-2\/\">Back to Project<\/a><\/div>\n<\/div>\n<\/div>","protected":false},"excerpt":{"rendered":"<p>Se realiz\u00f3 un proyecto consistente en el desarrollo de un sensor estirilizable para la medida de la orientaci\u00f3n del impactor-posicionador del cotilo durante la artoplastia total de cadera (ATC). El sensor se montaba f\u00e1cilmente sobre la herramienta y dispon\u00eda de un sistema de luces que ayudaba al cirujano a llevar \u00e9sta a la posici\u00f3n deseada [&hellip;]<\/p>","protected":false},"author":2,"featured_media":0,"parent":196,"menu_order":0,"comment_status":"closed","ping_status":"closed","template":"","meta":{"footnotes":""},"class_list":["post-191","page","type-page","status-publish","hentry"],"_links":{"self":[{"href":"https:\/\/mfes.es\/en\/wp-json\/wp\/v2\/pages\/191","targetHints":{"allow":["GET"]}}],"collection":[{"href":"https:\/\/mfes.es\/en\/wp-json\/wp\/v2\/pages"}],"about":[{"href":"https:\/\/mfes.es\/en\/wp-json\/wp\/v2\/types\/page"}],"author":[{"embeddable":true,"href":"https:\/\/mfes.es\/en\/wp-json\/wp\/v2\/users\/2"}],"replies":[{"embeddable":true,"href":"https:\/\/mfes.es\/en\/wp-json\/wp\/v2\/comments?post=191"}],"version-history":[{"count":9,"href":"https:\/\/mfes.es\/en\/wp-json\/wp\/v2\/pages\/191\/revisions"}],"predecessor-version":[{"id":963,"href":"https:\/\/mfes.es\/en\/wp-json\/wp\/v2\/pages\/191\/revisions\/963"}],"up":[{"embeddable":true,"href":"https:\/\/mfes.es\/en\/wp-json\/wp\/v2\/pages\/196"}],"wp:attachment":[{"href":"https:\/\/mfes.es\/en\/wp-json\/wp\/v2\/media?parent=191"}],"curies":[{"name":"wp","href":"https:\/\/api.w.org\/{rel}","templated":true}]}}