{"id":303,"date":"2023-10-02T12:31:32","date_gmt":"2023-10-02T10:31:32","guid":{"rendered":"http:\/\/193.144.52.105:8099\/?page_id=303"},"modified":"2024-02-14T17:21:12","modified_gmt":"2024-02-14T16:21:12","slug":"productos-2","status":"publish","type":"page","link":"https:\/\/mfes.es\/en\/productos-2\/","title":{"rendered":"Products"},"content":{"rendered":"<h5 class=\"wp-block-heading alignwide has-large-font-size\" style=\"font-style:normal;font-weight:100;text-transform:none\">Products are developed for the sensorization of the posture or movement of the human body, or for the sensorization of elements that interact with people in medical or sport applications. <\/h5>\n\n\n\n<p><\/p>\n\n\n\n<h5 class=\"wp-block-heading alignwide has-large-font-size\" style=\"font-style:normal;font-weight:100;text-transform:none\">Below are some examples that help understand the potentialities of the company:<\/h5>\n\n\n\n<p><\/p>\n\n\n\n<div class=\"wp-block-group alignfull is-layout-flow wp-block-group-is-layout-flow\">\n<div class=\"wp-block-group wp-block-group-content is-horizontal is-content-justification-center is-nowrap is-layout-flex wp-container-core-group-is-layout-2256e7f1 wp-block-group-is-layout-flex\">\n<div class=\"wp-block-columns alignwide is-layout-flex wp-container-core-columns-is-layout-28f84493 wp-block-columns-is-layout-flex\">\n<div class=\"wp-block-column is-layout-flow wp-block-column-is-layout-flow\">\n<div class=\"wp-block-group wp-block-post-group is-layout-flow wp-block-group-is-layout-flow\">\n<figure class=\"wp-block-image aligncenter size-full is-resized has-custom-border is-style-rounded is-style-rounded--1\"><a href=\"https:\/\/mfes.es\/en\/productos\/sistema-de-medida-de-la-columna\/\"><img fetchpriority=\"high\" decoding=\"async\" width=\"668\" height=\"668\" src=\"https:\/\/mfes.es\/wp-content\/uploads\/2023\/11\/Columna1.jpg\" alt=\"\" class=\"wp-image-586\" style=\"border-style:none;border-width:0px;border-radius:0px;width:400px\" srcset=\"https:\/\/mfes.es\/wp-content\/uploads\/2023\/11\/Columna1.jpg 668w, https:\/\/mfes.es\/wp-content\/uploads\/2023\/11\/Columna1-300x300.jpg 300w, https:\/\/mfes.es\/wp-content\/uploads\/2023\/11\/Columna1-150x150.jpg 150w\" sizes=\"(max-width: 668px) 100vw, 668px\" \/><\/a><\/figure>\n\n\n\n<div class=\"wp-block-group wp-block-entry-content is-layout-flow wp-block-group-is-layout-flow\">\n<h2 class=\"wp-block-heading has-text-align-center has-content-heading-font-size\"><a href=\"https:\/\/mfes.es\/en\/productos\/sistema-de-medida-de-la-columna\/\" data-type=\"page\" data-id=\"175\">SpineMeasure<\/a><\/h2>\n\n\n\n<p class=\"has-text-align-center\">Spine measurement system.<\/p>\n<\/div>\n<\/div>\n<\/div>\n\n\n\n<div class=\"wp-block-column is-layout-flow wp-block-column-is-layout-flow\">\n<div class=\"wp-block-group wp-block-post-group is-layout-flow wp-block-group-is-layout-flow\">\n<figure class=\"wp-block-image aligncenter size-full is-resized has-custom-border is-style-rounded is-style-rounded--2\"><a href=\"https:\/\/mfes.es\/en\/productos\/sistema-de-monitorizacion-de-ejercicios\/\"><img decoding=\"async\" width=\"1000\" height=\"1000\" src=\"https:\/\/mfes.es\/wp-content\/uploads\/2023\/12\/Gym1-2.jpg\" alt=\"\" class=\"wp-image-984\" style=\"border-style:none;border-width:0px;border-radius:0px;width:400px\" srcset=\"https:\/\/mfes.es\/wp-content\/uploads\/2023\/12\/Gym1-2.jpg 1000w, https:\/\/mfes.es\/wp-content\/uploads\/2023\/12\/Gym1-2-300x300.jpg 300w, https:\/\/mfes.es\/wp-content\/uploads\/2023\/12\/Gym1-2-150x150.jpg 150w, https:\/\/mfes.es\/wp-content\/uploads\/2023\/12\/Gym1-2-768x768.jpg 768w\" sizes=\"(max-width: 1000px) 100vw, 1000px\" \/><\/a><\/figure>\n\n\n\n<div class=\"wp-block-group wp-block-entry-content is-layout-flow wp-block-group-is-layout-flow\">\n<h2 class=\"wp-block-heading has-text-align-center has-content-heading-font-size\"><a href=\"https:\/\/mfes.es\/en\/productos\/sistema-de-monitorizacion-de-ejercicios\/\" data-type=\"page\" data-id=\"177\">GymMov<\/a><\/h2>\n\n\n\n<p class=\"has-text-align-center\">Exercise monitoring system.<\/p>\n<\/div>\n<\/div>\n<\/div>\n<\/div>\n<\/div>\n<\/div>\n\n\n\n<div class=\"wp-block-group has-global-padding is-layout-constrained wp-block-group-is-layout-constrained\">\n<div class=\"wp-block-group alignwide has-global-padding is-layout-constrained wp-block-group-is-layout-constrained\">\n<div style=\"height:100px\" aria-hidden=\"true\" class=\"wp-block-spacer\"><\/div>\n\n\n\n<div class=\"wp-block-columns alignwide is-layout-flex wp-container-core-columns-is-layout-d0bbbce0 wp-block-columns-is-layout-flex\">\n<div class=\"wp-block-column is-layout-flow wp-container-core-column-is-layout-e3d1c41b wp-block-column-is-layout-flow\">\n<h3 class=\"wp-block-heading has-text-align-left is-style-default has-body-font-family has-medium-font-size\" style=\"font-style:normal;font-weight:600\">Innovation<\/h3>\n\n\n\n<p class=\"has-text-align-left\">Use of small, non-invasive, and low-cost sensors, combined with computational models of the human body.<\/p>\n<\/div>\n\n\n\n<div class=\"wp-block-column is-layout-flow wp-container-core-column-is-layout-e3d1c41b wp-block-column-is-layout-flow\">\n<h3 class=\"wp-block-heading has-text-align-left is-style-default has-body-font-family has-medium-font-size\" style=\"font-style:normal;font-weight:600\">Applicability<\/h3>\n\n\n\n<p class=\"has-text-align-left\">Applicability in numerous areas of Health and Sport Sciences.<\/p>\n<\/div>\n\n\n\n<div class=\"wp-block-column is-layout-flow wp-container-core-column-is-layout-e3d1c41b wp-block-column-is-layout-flow\">\n<h3 class=\"wp-block-heading has-text-align-left is-style-default has-body-font-family has-medium-font-size\" style=\"font-style:normal;font-weight:600\">Patent<\/h3>\n\n\n\n<p class=\"has-text-align-left\">The SpineMeasure system has been patented to ensure its exclusivity.<\/p>\n<\/div>\n<\/div>\n<\/div>\n<\/div>","protected":false},"excerpt":{"rendered":"<p>Se desarrollan productos destinados a la sensorizaci\u00f3n de la postura o el movimiento del cuerpo humano, o a la sensorizaci\u00f3n de elementos que interact\u00faen con personas en aplicaciones m\u00e9dicas, deportivas, etc. A continuaci\u00f3n, se muestran algunos ejemplos que permiten comprender las potencialidades de la empresa: SpineMeasure Sistema de medici\u00f3n de la columna vertebral. GymMov Sistema [&hellip;]<\/p>","protected":false},"author":4,"featured_media":0,"parent":0,"menu_order":0,"comment_status":"closed","ping_status":"closed","template":"","meta":{"footnotes":""},"class_list":["post-303","page","type-page","status-publish","hentry"],"_links":{"self":[{"href":"https:\/\/mfes.es\/en\/wp-json\/wp\/v2\/pages\/303","targetHints":{"allow":["GET"]}}],"collection":[{"href":"https:\/\/mfes.es\/en\/wp-json\/wp\/v2\/pages"}],"about":[{"href":"https:\/\/mfes.es\/en\/wp-json\/wp\/v2\/types\/page"}],"author":[{"embeddable":true,"href":"https:\/\/mfes.es\/en\/wp-json\/wp\/v2\/users\/4"}],"replies":[{"embeddable":true,"href":"https:\/\/mfes.es\/en\/wp-json\/wp\/v2\/comments?post=303"}],"version-history":[{"count":43,"href":"https:\/\/mfes.es\/en\/wp-json\/wp\/v2\/pages\/303\/revisions"}],"predecessor-version":[{"id":1282,"href":"https:\/\/mfes.es\/en\/wp-json\/wp\/v2\/pages\/303\/revisions\/1282"}],"wp:attachment":[{"href":"https:\/\/mfes.es\/en\/wp-json\/wp\/v2\/media?parent=303"}],"curies":[{"name":"wp","href":"https:\/\/api.w.org\/{rel}","templated":true}]}}