{"id":309,"date":"2023-10-02T12:46:57","date_gmt":"2023-10-02T10:46:57","guid":{"rendered":"http:\/\/193.144.52.105:8099\/?page_id=309"},"modified":"2024-02-14T17:22:51","modified_gmt":"2024-02-14T16:22:51","slug":"proyectos-2","status":"publish","type":"page","link":"https:\/\/mfes.es\/en\/proyectos-2\/","title":{"rendered":"Projects"},"content":{"rendered":"<h5 class=\"wp-block-heading alignwide has-text-align-left has-large-font-size\" style=\"font-style:normal;font-weight:100\">Projects are carried out requiring skeletal, musculoskeletal, or neuro-musculoskeletal modeling of the human body, as well as analysis and\/or simulation of human movement, and\/or its sensing. Movement can be free or assisted (crutches, canes, walkers, orthoses, exoskeletons). <\/h5>\n\n\n\n<p><\/p>\n\n\n\n<h5 class=\"wp-block-heading alignwide has-large-font-size\" style=\"font-style:normal;font-weight:100\">Below are some examples that help understand the potentialities of the company:<\/h5>\n\n\n\n<p><\/p>\n\n\n\n<div class=\"wp-block-group alignwide has-global-padding is-layout-constrained wp-block-group-is-layout-constrained\">\n<div class=\"wp-block-group alignwide wp-block-group-content is-nowrap is-layout-flex wp-container-core-group-is-layout-6c531013 wp-block-group-is-layout-flex\">\n<div class=\"wp-block-columns alignwide are-vertically-aligned-top is-layout-flex wp-container-core-columns-is-layout-28f84493 wp-block-columns-is-layout-flex\">\n<div class=\"wp-block-column is-vertically-aligned-top is-layout-flow wp-block-column-is-layout-flow\">\n<div class=\"wp-block-group wp-block-post-group is-layout-flow wp-block-group-is-layout-flow\">\n<figure class=\"wp-block-image size-full is-resized has-custom-border\"><a href=\"https:\/\/mfes.es\/en\/proyectosversionflorian\/modelos-neuro-musculo-esqueleticos\/\"><img fetchpriority=\"high\" decoding=\"async\" width=\"1000\" height=\"1000\" src=\"https:\/\/mfes.es\/wp-content\/uploads\/2023\/12\/Lab8.jpg\" alt=\"\" class=\"wp-image-974\" style=\"border-style:none;border-width:0px;border-radius:0px;width:400px;height:auto\" srcset=\"https:\/\/mfes.es\/wp-content\/uploads\/2023\/12\/Lab8.jpg 1000w, https:\/\/mfes.es\/wp-content\/uploads\/2023\/12\/Lab8-300x300.jpg 300w, https:\/\/mfes.es\/wp-content\/uploads\/2023\/12\/Lab8-150x150.jpg 150w, https:\/\/mfes.es\/wp-content\/uploads\/2023\/12\/Lab8-768x768.jpg 768w\" sizes=\"(max-width: 1000px) 100vw, 1000px\" \/><\/a><\/figure>\n\n\n\n<div class=\"wp-block-group wp-block-entry-content is-layout-flow wp-block-group-is-layout-flow\">\n<h2 class=\"wp-block-heading has-text-align-center has-content-heading-font-size\"><a href=\"https:\/\/mfes.es\/en\/proyectosversionflorian\/modelos-neuro-musculo-esqueleticos\/\" data-type=\"page\" data-id=\"184\">Analysis and simulation of human movement<\/a><\/h2>\n\n\n\n<p class=\"has-text-align-center\"><a href=\"https:\/\/mfes.es\/en\/servicios\/laboratorio-de-analisis-de-marcha\/\" data-type=\"page\" data-id=\"94\"><\/a>Neuro-musculo-skeletal models of the human body, analysis and simulation of human movement.<\/p>\n<\/div>\n<\/div>\n<\/div>\n\n\n\n<div class=\"wp-block-column is-vertically-aligned-top is-layout-flow wp-block-column-is-layout-flow\">\n<div class=\"wp-block-group wp-block-post-group is-layout-flow wp-block-group-is-layout-flow\">\n<figure class=\"wp-block-image aligncenter size-full is-resized has-custom-border\"><a href=\"https:\/\/mfes.es\/en\/proyectosversionflorian\/simulacion-cabeza-cuello-impacto-balistico\/\"><img decoding=\"async\" width=\"1000\" height=\"1000\" src=\"https:\/\/mfes.es\/wp-content\/uploads\/2023\/11\/Cuello.jpg\" alt=\"\" class=\"wp-image-692\" style=\"border-style:none;border-width:0px;border-radius:0px;width:400px\" srcset=\"https:\/\/mfes.es\/wp-content\/uploads\/2023\/11\/Cuello.jpg 1000w, https:\/\/mfes.es\/wp-content\/uploads\/2023\/11\/Cuello-300x300.jpg 300w, https:\/\/mfes.es\/wp-content\/uploads\/2023\/11\/Cuello-150x150.jpg 150w, https:\/\/mfes.es\/wp-content\/uploads\/2023\/11\/Cuello-768x768.jpg 768w\" sizes=\"(max-width: 1000px) 100vw, 1000px\" \/><\/a><\/figure>\n\n\n\n<div class=\"wp-block-group wp-block-entry-content is-layout-flow wp-block-group-is-layout-flow\">\n<h2 class=\"wp-block-heading has-text-align-center has-content-heading-font-size\"><a href=\"https:\/\/mfes.es\/en\/productos\/sistema-de-monitorizacion-de-ejercicios\/\" data-type=\"page\" data-id=\"177\"><\/a><a href=\"https:\/\/mfes.es\/en\/servicios\/laboratorio-de-analisis-de-movimiento\/\" data-type=\"page\" data-id=\"96\"><\/a><a href=\"https:\/\/mfes.es\/en\/proyectosversionflorian\/simulacion-cabeza-cuello-impacto-balistico\/\" data-type=\"page\" data-id=\"187\">Simulation of head-neck response to ballistic impacts<\/a><\/h2>\n\n\n\n<p class=\"has-text-align-center\"><a href=\"https:\/\/mfes.es\/en\/servicios\/laboratorio-de-analisis-de-movimiento\/\" data-type=\"page\" data-id=\"96\"><\/a>Simulation of the head-neck system response to ballistic impacts.<\/p>\n<\/div>\n<\/div>\n<\/div>\n\n\n\n<div class=\"wp-block-column is-vertically-aligned-top is-layout-flow wp-block-column-is-layout-flow\">\n<div class=\"wp-block-group wp-block-post-group is-layout-flow wp-block-group-is-layout-flow\">\n<figure class=\"wp-block-image aligncenter size-full is-resized has-custom-border\"><a href=\"https:\/\/mfes.es\/en\/proyectosversionflorian\/simulacion-movimiento-rotula\/\"><img decoding=\"async\" width=\"1000\" height=\"1000\" src=\"https:\/\/mfes.es\/wp-content\/uploads\/2023\/11\/Rodilla1.jpg\" alt=\"\" class=\"wp-image-695\" style=\"border-style:none;border-width:0px;border-radius:0px;width:400px\" srcset=\"https:\/\/mfes.es\/wp-content\/uploads\/2023\/11\/Rodilla1.jpg 1000w, https:\/\/mfes.es\/wp-content\/uploads\/2023\/11\/Rodilla1-300x300.jpg 300w, https:\/\/mfes.es\/wp-content\/uploads\/2023\/11\/Rodilla1-150x150.jpg 150w, https:\/\/mfes.es\/wp-content\/uploads\/2023\/11\/Rodilla1-768x768.jpg 768w\" sizes=\"(max-width: 1000px) 100vw, 1000px\" \/><\/a><\/figure>\n\n\n\n<div class=\"wp-block-group wp-block-entry-content is-layout-flow wp-block-group-is-layout-flow\">\n<h2 class=\"wp-block-heading has-text-align-center has-content-heading-font-size\"><a href=\"https:\/\/mfes.es\/en\/proyectosversionflorian\/simulacion-movimiento-rotula\/\" data-type=\"page\" data-id=\"189\">Simulation of patella in total knee arthroplasty<\/a><\/h2>\n\n\n\n<p class=\"has-text-align-center\">Simulation of the movement and pressure of the patella in total knee arthroplasty.<\/p>\n<\/div>\n<\/div>\n<\/div>\n<\/div>\n<\/div>\n<\/div>\n\n\n\n<div class=\"wp-block-group alignwide has-global-padding is-layout-constrained wp-block-group-is-layout-constrained\">\n<div class=\"wp-block-group alignwide wp-block-group-content is-content-justification-center is-nowrap is-layout-flex wp-container-core-group-is-layout-23441af8 wp-block-group-is-layout-flex\">\n<div class=\"wp-block-columns alignwide is-layout-flex wp-container-core-columns-is-layout-28f84493 wp-block-columns-is-layout-flex\">\n<div class=\"wp-block-column is-layout-flow wp-block-column-is-layout-flow\">\n<div class=\"wp-block-group wp-block-post-group is-layout-flow wp-block-group-is-layout-flow\">\n<figure class=\"wp-block-image aligncenter size-full is-resized has-custom-border\"><a href=\"https:\/\/mfes.es\/en\/proyectosversionflorian\/sensorizacion-biomecanica\/\"><img loading=\"lazy\" decoding=\"async\" width=\"1000\" height=\"1000\" src=\"https:\/\/mfes.es\/wp-content\/uploads\/2023\/11\/Cadera.jpg\" alt=\"\" class=\"wp-image-698\" style=\"border-style:none;border-width:0px;border-radius:0px;width:400px;height:auto\" srcset=\"https:\/\/mfes.es\/wp-content\/uploads\/2023\/11\/Cadera.jpg 1000w, https:\/\/mfes.es\/wp-content\/uploads\/2023\/11\/Cadera-300x300.jpg 300w, https:\/\/mfes.es\/wp-content\/uploads\/2023\/11\/Cadera-150x150.jpg 150w, https:\/\/mfes.es\/wp-content\/uploads\/2023\/11\/Cadera-768x768.jpg 768w\" sizes=\"(max-width: 1000px) 100vw, 1000px\" \/><\/a><\/figure>\n\n\n\n<div class=\"wp-block-group wp-block-entry-content is-layout-flow wp-block-group-is-layout-flow\">\n<h2 class=\"wp-block-heading has-text-align-center has-content-heading-font-size\"><a href=\"https:\/\/mfes.es\/en\/proyectosversionflorian\/sensorizacion-biomecanica\/\" data-type=\"page\" data-id=\"191\">Biomechanical sensorization<\/a><\/h2>\n\n\n\n<p class=\"has-text-align-center\">Biomechanical sensorization.<\/p>\n<\/div>\n<\/div>\n<\/div>\n\n\n\n<div class=\"wp-block-column is-layout-flow wp-block-column-is-layout-flow\">\n<div class=\"wp-block-group wp-block-post-group is-layout-flow wp-block-group-is-layout-flow\">\n<figure class=\"wp-block-image aligncenter size-full is-resized has-custom-border is-style-default\"><a href=\"https:\/\/mfes.es\/en\/proyectosversionflorian\/diseno-y-evalucion-de-exoesqueletos\/\"><img loading=\"lazy\" decoding=\"async\" width=\"1000\" height=\"1000\" src=\"https:\/\/mfes.es\/wp-content\/uploads\/2023\/11\/Ortesis-1.jpg\" alt=\"\" class=\"wp-image-712\" style=\"border-style:none;border-width:0px;border-radius:0px;width:400px\" srcset=\"https:\/\/mfes.es\/wp-content\/uploads\/2023\/11\/Ortesis-1.jpg 1000w, https:\/\/mfes.es\/wp-content\/uploads\/2023\/11\/Ortesis-1-300x300.jpg 300w, https:\/\/mfes.es\/wp-content\/uploads\/2023\/11\/Ortesis-1-150x150.jpg 150w, https:\/\/mfes.es\/wp-content\/uploads\/2023\/11\/Ortesis-1-768x768.jpg 768w\" sizes=\"(max-width: 1000px) 100vw, 1000px\" \/><\/a><\/figure>\n\n\n\n<div class=\"wp-block-group wp-block-entry-content is-layout-flow wp-block-group-is-layout-flow\">\n<h2 class=\"wp-block-heading has-text-align-center has-content-heading-font-size\"><a href=\"https:\/\/mfes.es\/en\/productos\/sistema-de-monitorizacion-de-ejercicios\/\" data-type=\"page\" data-id=\"177\"><\/a><a href=\"https:\/\/mfes.es\/en\/proyectosversionflorian\/diseno-y-evalucion-de-exoesqueletos\/\" data-type=\"page\" data-id=\"193\">Design and evaluation of exoskeletons<\/a><\/h2>\n\n\n\n<p class=\"has-text-align-center\">Design and evaluation of exoskeletons.<\/p>\n<\/div>\n<\/div>\n<\/div>\n<\/div>\n<\/div>\n<\/div>\n\n\n\n<div style=\"height:100px\" aria-hidden=\"true\" class=\"wp-block-spacer\"><\/div>\n\n\n\n<div class=\"wp-block-group has-global-padding is-layout-constrained wp-block-group-is-layout-constrained\">\n<div class=\"wp-block-columns alignwide is-layout-flex wp-container-core-columns-is-layout-d0bbbce0 wp-block-columns-is-layout-flex\">\n<div class=\"wp-block-column is-layout-flow wp-container-core-column-is-layout-e3d1c41b wp-block-column-is-layout-flow\">\n<h3 class=\"wp-block-heading has-text-align-left is-style-default has-body-font-family has-medium-font-size\" style=\"font-style:normal;font-weight:600\">R&amp;D&amp;i center at your disposal<\/h3>\n\n\n\n<p class=\"has-text-align-left\">Count on our team and our contacts with experienced engineers, doctors, and professors for your future projects.<\/p>\n<\/div>\n\n\n\n<div class=\"wp-block-column is-layout-flow wp-container-core-column-is-layout-e3d1c41b wp-block-column-is-layout-flow\">\n<h3 class=\"wp-block-heading has-text-align-left is-style-default has-body-font-family has-medium-font-size\" style=\"font-style:normal;font-weight:600\">Flexibility<\/h3>\n\n\n\n<p class=\"has-text-align-left\">Define the project according to your needs and resources. Hire the services of a highly qualified team without the drawbacks of hiring personnel.<\/p>\n<\/div>\n\n\n\n<div class=\"wp-block-column is-layout-flow wp-container-core-column-is-layout-e3d1c41b wp-block-column-is-layout-flow\">\n<h3 class=\"wp-block-heading has-text-align-left is-style-default has-body-font-family has-medium-font-size\" style=\"font-style:normal;font-weight:600\">Competitive prices<\/h3>\n\n\n\n<p class=\"has-text-align-left\">Get in touch to learn about our personalized rates. <\/p>\n<\/div>\n<\/div>\n<\/div>","protected":false},"excerpt":{"rendered":"<p>Se realizan proyectos que requieran el modelado esquel\u00e9tico, m\u00fasculo-esquel\u00e9tico o neuro-m\u00fasculo-esquel\u00e9tico del cuerpo humano, as\u00ed como el an\u00e1lisis y\/o la simulaci\u00f3n del movimiento humano, y\/o la sensorizaci\u00f3n del mismo. El movimiento puede ser libre o asistido (muletas, bastones, andadores, \u00f3rtesis, exoesqueletos). A continuaci\u00f3n, se muestran algunos ejemplos que permiten comprender las potencialidades de la empresa: [&hellip;]<\/p>","protected":false},"author":2,"featured_media":0,"parent":0,"menu_order":0,"comment_status":"closed","ping_status":"closed","template":"","meta":{"footnotes":""},"class_list":["post-309","page","type-page","status-publish","hentry"],"_links":{"self":[{"href":"https:\/\/mfes.es\/en\/wp-json\/wp\/v2\/pages\/309","targetHints":{"allow":["GET"]}}],"collection":[{"href":"https:\/\/mfes.es\/en\/wp-json\/wp\/v2\/pages"}],"about":[{"href":"https:\/\/mfes.es\/en\/wp-json\/wp\/v2\/types\/page"}],"author":[{"embeddable":true,"href":"https:\/\/mfes.es\/en\/wp-json\/wp\/v2\/users\/2"}],"replies":[{"embeddable":true,"href":"https:\/\/mfes.es\/en\/wp-json\/wp\/v2\/comments?post=309"}],"version-history":[{"count":37,"href":"https:\/\/mfes.es\/en\/wp-json\/wp\/v2\/pages\/309\/revisions"}],"predecessor-version":[{"id":1285,"href":"https:\/\/mfes.es\/en\/wp-json\/wp\/v2\/pages\/309\/revisions\/1285"}],"wp:attachment":[{"href":"https:\/\/mfes.es\/en\/wp-json\/wp\/v2\/media?parent=309"}],"curies":[{"name":"wp","href":"https:\/\/api.w.org\/{rel}","templated":true}]}}