{"id":64,"date":"2023-09-29T17:25:05","date_gmt":"2023-09-29T15:25:05","guid":{"rendered":"http:\/\/193.144.52.105:8099\/?page_id=64"},"modified":"2024-02-02T17:07:10","modified_gmt":"2024-02-02T16:07:10","slug":"contacto","status":"publish","type":"page","link":"https:\/\/mfes.es\/en\/contacto\/","title":{"rendered":"Contact"},"content":{"rendered":"<div style=\"height:100px\" aria-hidden=\"true\" class=\"wp-block-spacer\"><\/div>\n\n\n\n<p class=\"has-text-align-center\"><strong>Email:<\/strong> info@mfes.es<\/p>\n\n\n\n<p class=\"has-text-align-center\"><strong>Phone:<\/strong> (+34) 881013873<\/p>\n\n\n\n<p class=\"has-text-align-center\"><strong>Address: <\/strong>Avda. Esteiro 33-35<\/p>\n\n\n\n<p class=\"has-text-align-center\">15403 Ferrol, A Coru\u00f1a, Spain<\/p>","protected":false},"excerpt":{"rendered":"<p>Correo electr\u00f3nico: info@mfes.es Tel\u00e9fono: (+34) 881013873 Direcci\u00f3n: Avda. Esteiro 33-35 15403 Ferrol, A Coru\u00f1a<\/p>","protected":false},"author":2,"featured_media":0,"parent":0,"menu_order":0,"comment_status":"closed","ping_status":"closed","template":"","meta":{"footnotes":""},"class_list":["post-64","page","type-page","status-publish","hentry"],"_links":{"self":[{"href":"https:\/\/mfes.es\/en\/wp-json\/wp\/v2\/pages\/64","targetHints":{"allow":["GET"]}}],"collection":[{"href":"https:\/\/mfes.es\/en\/wp-json\/wp\/v2\/pages"}],"about":[{"href":"https:\/\/mfes.es\/en\/wp-json\/wp\/v2\/types\/page"}],"author":[{"embeddable":true,"href":"https:\/\/mfes.es\/en\/wp-json\/wp\/v2\/users\/2"}],"replies":[{"embeddable":true,"href":"https:\/\/mfes.es\/en\/wp-json\/wp\/v2\/comments?post=64"}],"version-history":[{"count":22,"href":"https:\/\/mfes.es\/en\/wp-json\/wp\/v2\/pages\/64\/revisions"}],"predecessor-version":[{"id":1084,"href":"https:\/\/mfes.es\/en\/wp-json\/wp\/v2\/pages\/64\/revisions\/1084"}],"wp:attachment":[{"href":"https:\/\/mfes.es\/en\/wp-json\/wp\/v2\/media?parent=64"}],"curies":[{"name":"wp","href":"https:\/\/api.w.org\/{rel}","templated":true}]}}