{"id":98,"date":"2023-09-21T10:21:43","date_gmt":"2023-09-21T08:21:43","guid":{"rendered":"http:\/\/193.144.52.105:8099\/?page_id=98"},"modified":"2023-09-21T11:43:01","modified_gmt":"2023-09-21T09:43:01","slug":"analisis-de-movimiento","status":"publish","type":"page","link":"https:\/\/mfes.es\/en\/servicios\/analisis-de-movimiento\/","title":{"rendered":"An\u00e1lisis de Movimiento"},"content":{"rendered":"<div class=\"wp-block-media-text alignwide is-stacked-on-mobile is-vertically-aligned-top\" style=\"grid-template-columns:44% auto\"><figure class=\"wp-block-media-text__media\"><img decoding=\"async\" src=\"https:\/\/mfes.es\/wp-content\/uploads\/2023\/09\/b9198de2af4c92bbfa36bbef4c5e0623.jpg\" alt=\"\" class=\"wp-image-85 size-full\"\/><\/figure><div class=\"wp-block-media-text__content\">\n<h3 class=\"wp-block-heading has-text-align-left\">Motion analysis<\/h3>\n\n\n\n<p class=\"has-footer-border-dark-background-color has-background\">Nuestro servicio de an\u00e1lisis de movimiento es la clave para desbloquear un potencial sin igual en el rendimiento deportivo, la rehabilitaci\u00f3n y la optimizaci\u00f3n de procesos industriales. Nos enorgullecemos de ofrecer una soluci\u00f3n de vanguardia que se adapta a tus necesidades espec\u00edficas, ya sea que est\u00e9s buscando mejorar la t\u00e9cnica de un atleta, acelerar la recuperaci\u00f3n de una lesi\u00f3n o perfeccionar la eficiencia en tu l\u00ednea de producci\u00f3n.<\/p>\n\n\n\n<p class=\"has-footer-border-dark-background-color has-background\">Nuestro enfoque se basa en la fusi\u00f3n de tecnolog\u00eda avanzada, experiencia en biomec\u00e1nica y atenci\u00f3n personalizada. Trabajamos en colaboraci\u00f3n contigo para evaluar tus objetivos y desaf\u00edos, identificando \u00e1reas donde el an\u00e1lisis de movimiento puede marcar una diferencia significativa. Luego, implementamos soluciones a medida que <\/p>\n<\/div><\/div>","protected":false},"excerpt":{"rendered":"<p>An\u00e1lisis de movimiento Nuestro servicio de an\u00e1lisis de movimiento es la clave para desbloquear un potencial sin igual en el rendimiento deportivo, la rehabilitaci\u00f3n y la optimizaci\u00f3n de procesos industriales. Nos enorgullecemos de ofrecer una soluci\u00f3n de vanguardia que se adapta a tus necesidades espec\u00edficas, ya sea que est\u00e9s buscando mejorar la t\u00e9cnica de un [&hellip;]<\/p>","protected":false},"author":2,"featured_media":0,"parent":2,"menu_order":0,"comment_status":"closed","ping_status":"closed","template":"","meta":{"footnotes":""},"class_list":["post-98","page","type-page","status-publish","hentry"],"_links":{"self":[{"href":"https:\/\/mfes.es\/en\/wp-json\/wp\/v2\/pages\/98","targetHints":{"allow":["GET"]}}],"collection":[{"href":"https:\/\/mfes.es\/en\/wp-json\/wp\/v2\/pages"}],"about":[{"href":"https:\/\/mfes.es\/en\/wp-json\/wp\/v2\/types\/page"}],"author":[{"embeddable":true,"href":"https:\/\/mfes.es\/en\/wp-json\/wp\/v2\/users\/2"}],"replies":[{"embeddable":true,"href":"https:\/\/mfes.es\/en\/wp-json\/wp\/v2\/comments?post=98"}],"version-history":[{"count":2,"href":"https:\/\/mfes.es\/en\/wp-json\/wp\/v2\/pages\/98\/revisions"}],"predecessor-version":[{"id":106,"href":"https:\/\/mfes.es\/en\/wp-json\/wp\/v2\/pages\/98\/revisions\/106"}],"up":[{"embeddable":true,"href":"https:\/\/mfes.es\/en\/wp-json\/wp\/v2\/pages\/2"}],"wp:attachment":[{"href":"https:\/\/mfes.es\/en\/wp-json\/wp\/v2\/media?parent=98"}],"curies":[{"name":"wp","href":"https:\/\/api.w.org\/{rel}","templated":true}]}}